{"id":441,"date":"2021-02-16T15:21:34","date_gmt":"2021-02-16T14:21:34","guid":{"rendered":"https:\/\/www.parkandstay.se\/about-park-stay\/priser\/"},"modified":"2021-03-02T16:00:00","modified_gmt":"2021-03-02T15:00:00","slug":"price","status":"publish","type":"page","link":"https:\/\/www.parkandstay.se\/en\/about-park-stay\/price\/","title":{"rendered":"Price"},"content":{"rendered":"<p>[et_pb_section fb_built=&#8221;1&#8243; _builder_version=&#8221;4.9.0&#8243; _module_preset=&#8221;default&#8221;][et_pb_row _builder_version=&#8221;4.9.0&#8243; _module_preset=&#8221;default&#8221;][et_pb_column type=&#8221;4_4&#8243; _builder_version=&#8221;4.9.0&#8243; _module_preset=&#8221;default&#8221;][et_pb_post_title meta=&#8221;off&#8221; featured_image=&#8221;off&#8221; _builder_version=&#8221;4.9.0&#8243; _module_preset=&#8221;default&#8221;][\/et_pb_post_title][et_pb_text _builder_version=&#8221;4.9.0&#8243; _module_preset=&#8221;default&#8221; hover_enabled=&#8221;0&#8243; sticky_enabled=&#8221;0&#8243;]<\/p>\n<p><span class=\"hps\">Our<\/span>\u00a0<span class=\"hps\">rates<\/span>\u00a0<span class=\"hps\">are flexible and<\/span>\u00a0<span class=\"hps\">easy to understand.<\/span><\/p>\n<p><span class=\"hps\">Prices listed<\/span>\u00a0<span class=\"hps\">below<\/span>\u00a0<span class=\"hps\">are presented in<\/span>\u00a0<span class=\"hps\">Swedish<\/span>\u00a0<span class=\"hps\">kronor<\/span>\u00a0<span class=\"hps\">including<\/span>\u00a0<span class=\"hps\">VAT<\/span>\u00a0<span class=\"hps\">per<\/span>\u00a0<span class=\"hps\">place.<\/span><\/p>\n<p><strong>Visby Gutebacken<\/strong><\/p>\n<p><em>Payment :\u00a0ALL DAYS \u00a000-24<\/em><\/p>\n<p><em>Tariff:\u00a0<\/em>6h = 125kr,\u00a024h = 199kr<br \/>Tariff day after day 1 = Se price in our webshop<\/p>\n<p>If you use two locations (as an example car+caravan) you need two valid tickets \/ choose car+caravan in the online payment service.<\/p>\n<p>&nbsp;<\/p>\n<p><strong>SM\u00d6GEN &#8211; St\u00e4llplats Sm\u00f6gen<\/strong><em><strong>\u00a0(Quickstop on<\/strong><strong>\u00a0RIGHT side. look after Park and Stay signs!)<\/strong><\/em><\/p>\n<p><em>Payment :\u00a0ALL DAYS \u00a000-24<\/em><\/p>\n<p><em>Tariff:\u00a0<\/em>6h = 150kr,\u00a024h = 230kr<br \/>Tariff day after day 1 = Se price in our webshop<\/p>\n<p>If you use two locations (as an example car+caravan) you need two valid tickets \/ choose car+caravan in the online payment service.<\/p>\n<p>[\/et_pb_text][\/et_pb_column][\/et_pb_row][\/et_pb_section]<\/p>\n","protected":false},"excerpt":{"rendered":"<p>Our\u00a0rates\u00a0are flexible and\u00a0easy to understand. Prices listed\u00a0below\u00a0are presented in\u00a0Swedish\u00a0kronor\u00a0including\u00a0VAT\u00a0per\u00a0place. Visby Gutebacken Payment :\u00a0ALL DAYS \u00a000-24 Tariff:\u00a06h = 125kr,\u00a024h = 199krTariff day after day 1 = Se price in our webshop If you use two locations (as an example car+caravan) you need two valid tickets \/ choose car+caravan in the online payment service. &nbsp; SM\u00d6GEN &#8211; St\u00e4llplats Sm\u00f6gen\u00a0(Quickstop on\u00a0RIGHT side. look after Park and Stay signs!) Payment :\u00a0ALL DAYS \u00a000-24 Tariff:\u00a06h = 150kr,\u00a024h = 230krTariff day after day 1 = Se price in our webshop If you use two locations (as an example car+caravan) you need two valid tickets \/ choose car+caravan in the online payment service.<\/p>\n","protected":false},"author":1,"featured_media":0,"parent":429,"menu_order":0,"comment_status":"closed","ping_status":"closed","template":"","meta":{"_acf_changed":false,"_et_pb_use_builder":"on","_et_pb_old_content":"","_et_gb_content_width":"","inline_featured_image":false,"footnotes":""},"class_list":["post-441","page","type-page","status-publish","hentry"],"yoast_head":"<!-- This site is optimized with the Yoast SEO plugin v27.2 - https:\/\/yoast.com\/product\/yoast-seo-wordpress\/ -->\n<title>Price - Park and Stay<\/title>\n<meta name=\"robots\" content=\"index, follow, max-snippet:-1, max-image-preview:large, max-video-preview:-1\" \/>\n<link rel=\"canonical\" href=\"https:\/\/www.parkandstay.se\/en\/about-park-stay\/price\/\" \/>\n<meta property=\"og:locale\" content=\"en_US\" \/>\n<meta property=\"og:type\" content=\"article\" \/>\n<meta property=\"og:title\" content=\"Price - Park and Stay\" \/>\n<meta property=\"og:description\" content=\"Our\u00a0rates\u00a0are flexible and\u00a0easy to understand. Prices listed\u00a0below\u00a0are presented in\u00a0Swedish\u00a0kronor\u00a0including\u00a0VAT\u00a0per\u00a0place. Visby Gutebacken Payment :\u00a0ALL DAYS \u00a000-24 Tariff:\u00a06h = 125kr,\u00a024h = 199krTariff day after day 1 = Se price in our webshop If you use two locations (as an example car+caravan) you need two valid tickets \/ choose car+caravan in the online payment service. &nbsp; SM\u00d6GEN - St\u00e4llplats Sm\u00f6gen\u00a0(Quickstop on\u00a0RIGHT side. look after Park and Stay signs!) Payment :\u00a0ALL DAYS \u00a000-24 Tariff:\u00a06h = 150kr,\u00a024h = 230krTariff day after day 1 = Se price in our webshop If you use two locations (as an example car+caravan) you need two valid tickets \/ choose car+caravan in the online payment service.\" \/>\n<meta property=\"og:url\" content=\"https:\/\/www.parkandstay.se\/en\/about-park-stay\/price\/\" \/>\n<meta property=\"og:site_name\" content=\"Park and Stay\" \/>\n<meta property=\"article:modified_time\" content=\"2021-03-02T15:00:00+00:00\" \/>\n<meta name=\"twitter:card\" content=\"summary_large_image\" \/>\n<meta name=\"twitter:label1\" content=\"Est. reading time\" \/>\n\t<meta name=\"twitter:data1\" content=\"1 minute\" \/>\n<script type=\"application\/ld+json\" class=\"yoast-schema-graph\">{\"@context\":\"https:\/\/schema.org\",\"@graph\":[{\"@type\":\"WebPage\",\"@id\":\"https:\/\/www.parkandstay.se\/en\/about-park-stay\/price\/\",\"url\":\"https:\/\/www.parkandstay.se\/en\/about-park-stay\/price\/\",\"name\":\"Price - Park and Stay\",\"isPartOf\":{\"@id\":\"https:\/\/www.parkandstay.se\/#website\"},\"datePublished\":\"2021-02-16T14:21:34+00:00\",\"dateModified\":\"2021-03-02T15:00:00+00:00\",\"breadcrumb\":{\"@id\":\"https:\/\/www.parkandstay.se\/en\/about-park-stay\/price\/#breadcrumb\"},\"inLanguage\":\"en-US\",\"potentialAction\":[{\"@type\":\"ReadAction\",\"target\":[\"https:\/\/www.parkandstay.se\/en\/about-park-stay\/price\/\"]}]},{\"@type\":\"BreadcrumbList\",\"@id\":\"https:\/\/www.parkandstay.se\/en\/about-park-stay\/price\/#breadcrumb\",\"itemListElement\":[{\"@type\":\"ListItem\",\"position\":1,\"name\":\"Home\",\"item\":\"https:\/\/www.parkandstay.se\/en\/\"},{\"@type\":\"ListItem\",\"position\":2,\"name\":\"About Park &#038; Stay\",\"item\":\"https:\/\/www.parkandstay.se\/en\/about-park-stay\/\"},{\"@type\":\"ListItem\",\"position\":3,\"name\":\"Price\"}]},{\"@type\":\"WebSite\",\"@id\":\"https:\/\/www.parkandstay.se\/#website\",\"url\":\"https:\/\/www.parkandstay.se\/\",\"name\":\"Park and Stay\",\"description\":\"St\u00e4llplatser f\u00f6r husbilar i Sverige!\",\"potentialAction\":[{\"@type\":\"SearchAction\",\"target\":{\"@type\":\"EntryPoint\",\"urlTemplate\":\"https:\/\/www.parkandstay.se\/?s={search_term_string}\"},\"query-input\":{\"@type\":\"PropertyValueSpecification\",\"valueRequired\":true,\"valueName\":\"search_term_string\"}}],\"inLanguage\":\"en-US\"}]}<\/script>\n<!-- \/ Yoast SEO plugin. -->","yoast_head_json":{"title":"Price - Park and Stay","robots":{"index":"index","follow":"follow","max-snippet":"max-snippet:-1","max-image-preview":"max-image-preview:large","max-video-preview":"max-video-preview:-1"},"canonical":"https:\/\/www.parkandstay.se\/en\/about-park-stay\/price\/","og_locale":"en_US","og_type":"article","og_title":"Price - Park and Stay","og_description":"Our\u00a0rates\u00a0are flexible and\u00a0easy to understand. Prices listed\u00a0below\u00a0are presented in\u00a0Swedish\u00a0kronor\u00a0including\u00a0VAT\u00a0per\u00a0place. Visby Gutebacken Payment :\u00a0ALL DAYS \u00a000-24 Tariff:\u00a06h = 125kr,\u00a024h = 199krTariff day after day 1 = Se price in our webshop If you use two locations (as an example car+caravan) you need two valid tickets \/ choose car+caravan in the online payment service. &nbsp; SM\u00d6GEN - St\u00e4llplats Sm\u00f6gen\u00a0(Quickstop on\u00a0RIGHT side. look after Park and Stay signs!) Payment :\u00a0ALL DAYS \u00a000-24 Tariff:\u00a06h = 150kr,\u00a024h = 230krTariff day after day 1 = Se price in our webshop If you use two locations (as an example car+caravan) you need two valid tickets \/ choose car+caravan in the online payment service.","og_url":"https:\/\/www.parkandstay.se\/en\/about-park-stay\/price\/","og_site_name":"Park and Stay","article_modified_time":"2021-03-02T15:00:00+00:00","twitter_card":"summary_large_image","twitter_misc":{"Est. reading time":"1 minute"},"schema":{"@context":"https:\/\/schema.org","@graph":[{"@type":"WebPage","@id":"https:\/\/www.parkandstay.se\/en\/about-park-stay\/price\/","url":"https:\/\/www.parkandstay.se\/en\/about-park-stay\/price\/","name":"Price - Park and Stay","isPartOf":{"@id":"https:\/\/www.parkandstay.se\/#website"},"datePublished":"2021-02-16T14:21:34+00:00","dateModified":"2021-03-02T15:00:00+00:00","breadcrumb":{"@id":"https:\/\/www.parkandstay.se\/en\/about-park-stay\/price\/#breadcrumb"},"inLanguage":"en-US","potentialAction":[{"@type":"ReadAction","target":["https:\/\/www.parkandstay.se\/en\/about-park-stay\/price\/"]}]},{"@type":"BreadcrumbList","@id":"https:\/\/www.parkandstay.se\/en\/about-park-stay\/price\/#breadcrumb","itemListElement":[{"@type":"ListItem","position":1,"name":"Home","item":"https:\/\/www.parkandstay.se\/en\/"},{"@type":"ListItem","position":2,"name":"About Park &#038; Stay","item":"https:\/\/www.parkandstay.se\/en\/about-park-stay\/"},{"@type":"ListItem","position":3,"name":"Price"}]},{"@type":"WebSite","@id":"https:\/\/www.parkandstay.se\/#website","url":"https:\/\/www.parkandstay.se\/","name":"Park and Stay","description":"St\u00e4llplatser f\u00f6r husbilar i Sverige!","potentialAction":[{"@type":"SearchAction","target":{"@type":"EntryPoint","urlTemplate":"https:\/\/www.parkandstay.se\/?s={search_term_string}"},"query-input":{"@type":"PropertyValueSpecification","valueRequired":true,"valueName":"search_term_string"}}],"inLanguage":"en-US"}]}},"acf":[],"_links":{"self":[{"href":"https:\/\/www.parkandstay.se\/en\/wp-json\/wp\/v2\/pages\/441","targetHints":{"allow":["GET"]}}],"collection":[{"href":"https:\/\/www.parkandstay.se\/en\/wp-json\/wp\/v2\/pages"}],"about":[{"href":"https:\/\/www.parkandstay.se\/en\/wp-json\/wp\/v2\/types\/page"}],"author":[{"embeddable":true,"href":"https:\/\/www.parkandstay.se\/en\/wp-json\/wp\/v2\/users\/1"}],"replies":[{"embeddable":true,"href":"https:\/\/www.parkandstay.se\/en\/wp-json\/wp\/v2\/comments?post=441"}],"version-history":[{"count":2,"href":"https:\/\/www.parkandstay.se\/en\/wp-json\/wp\/v2\/pages\/441\/revisions"}],"predecessor-version":[{"id":444,"href":"https:\/\/www.parkandstay.se\/en\/wp-json\/wp\/v2\/pages\/441\/revisions\/444"}],"up":[{"embeddable":true,"href":"https:\/\/www.parkandstay.se\/en\/wp-json\/wp\/v2\/pages\/429"}],"wp:attachment":[{"href":"https:\/\/www.parkandstay.se\/en\/wp-json\/wp\/v2\/media?parent=441"}],"curies":[{"name":"wp","href":"https:\/\/api.w.org\/{rel}","templated":true}]}}