{"id":414,"date":"2021-02-17T14:51:03","date_gmt":"2021-02-17T13:51:03","guid":{"rendered":"https:\/\/www.parkandstay.se\/where-we-are\/smogen-stallplats\/"},"modified":"2025-09-18T15:39:31","modified_gmt":"2025-09-18T13:39:31","slug":"smogen","status":"publish","type":"page","link":"https:\/\/www.parkandstay.se\/en\/where-we-are\/smogen\/","title":{"rendered":"Sm\u00f6gen"},"content":{"rendered":"<p>[et_pb_section fb_built=&#8221;1&#8243; _builder_version=&#8221;4.16&#8243; _module_preset=&#8221;default&#8221; global_colors_info=&#8221;{}&#8221;][et_pb_row column_structure=&#8221;3_4,1_4&#8243; _builder_version=&#8221;4.16&#8243; _module_preset=&#8221;default&#8221; global_colors_info=&#8221;{}&#8221;][et_pb_column type=&#8221;3_4&#8243; _builder_version=&#8221;4.16&#8243; _module_preset=&#8221;default&#8221; global_colors_info=&#8221;{}&#8221;][et_pb_post_title meta=&#8221;off&#8221; featured_image=&#8221;off&#8221; _builder_version=&#8221;4.16&#8243; _module_preset=&#8221;default&#8221; global_colors_info=&#8221;{}&#8221;][\/et_pb_post_title][et_pb_text _builder_version=&#8221;4.27.4&#8243; _module_preset=&#8221;default&#8221; global_colors_info=&#8221;{}&#8221;]<\/p>\n<p><strong>Welcome and visit us!<\/strong><\/p>\n<div>Park and Stay&#8217;s quickstop site is located directly on the right side after the bridge into Sm\u00f6gen Centre.<\/div>\n<div><\/div>\n<div><em>NOTE! Park and Stay&#8217;s QuickStop\u00a0is\u00a0<strong>on the right side<\/strong>\u00a0with Park and Stay&#8217;s profile \/ signage not the parking on the left.<\/em><\/div>\n<div><em><strong><\/strong><\/em><\/div>\n<div><em><strong><\/strong><\/em><\/div>\n<div><em><strong><br \/>Important information:<\/strong> <br \/>Payment of location is done ONLY through <strong>www.parkandstay.se <a href=\"https:\/\/www.parkandstay.se\/en\/pay\/\">Pay here<\/a><br \/><\/strong>(not in Parking meter \/ ticketing machine on the other parking)\u00a0<\/em><\/div>\n<div><em><\/em><\/div>\n<div><em><\/em><\/div>\n<div>The location is perfect with sea views, 200m to the bath place and a ICA Supermarket. Public toilets are located at Sand\u00f6badet about 200 m west and at ICA Ankaret&#8217;s parking about 200 m south from the quickstop.<\/div>\n<div><\/div>\n<div>From the Quickstop it is only a mere 925meters walk to the amazing &#8220;Sm\u00f6genbryggan&#8221; with cozy shops and fine sights and amazing views with boats and ocean in a very special mix!<\/div>\n<div><\/div>\n<div><\/div>\n<div>\n<div><span style=\"color: #666666; font-family: Open Sans, Arial, sans-serif;\"><span>Park and Stay Sm\u00f6gen have freshwater, possibility to get rid of grey water and \u201dblack water\u201d \/ toilet emptying.<\/span><\/span><\/div>\n<div><span style=\"color: #666666; font-family: Open Sans, Arial, sans-serif;\"><span><br \/>We also have electricity om all our parkingspots since June 2023.<\/span><\/span><\/div>\n<div><span style=\"color: #666666; font-family: Open Sans, Arial, sans-serif;\"><\/span><\/div>\n<div><span style=\"color: #666666; font-family: Open Sans, Arial, sans-serif;\"><\/span><\/div>\n<\/div>\n<div><\/div>\n<div><\/div>\n<div><\/div>\n<div>Click the link below for directions through Google Maps:<\/div>\n<div><a href=\"https:\/\/goo.gl\/maps\/X9yvU74i1272\" target=\"_blank\" rel=\"noopener\">https:\/\/goo.gl\/maps\/X9yvU74i1272<\/a><\/div>\n<div><\/div>\n<div><\/div>\n<div><strong><br \/>Address of GPS entry<\/strong>: Hassel\u00f6sundsv\u00e4gen, 450 43 Sm\u00f6gen, Sweden<\/div>\n<div><\/div>\n<div><strong>Coordinates<\/strong>: 58.363850, 11.231774<\/div>\n<div><\/div>\n<div>SWEREF99 \/\u00a0N6472028,8 \/E105082,3<\/div>\n<div><\/div>\n<div><strong><br \/>Find us:<\/strong>\u00a0Drive towards Sm\u00f6gen center, after the bridge turn first right down towards ICA Ankaret (opposite the tennis hall), continue a few hundred meters towards the cemetery, Park and Stay Quickstop\u00a0Sm\u00f6gen is located at right-handed with the best ocean view!<\/div>\n<div><\/div>\n<div><\/div>\n<div><\/div>\n<div><\/div>\n<div><\/div>\n<div><\/div>\n<p><img loading=\"lazy\" decoding=\"async\" class=\"wp-image-215 alignnone size-medium\" src=\"https:\/\/www.parkandstay.se\/wp-content\/uploads\/2021\/02\/350seaview-300x219.jpg\" alt=\"\" width=\"300\" height=\"219\" srcset=\"https:\/\/www.parkandstay.se\/wp-content\/uploads\/2021\/02\/350seaview-300x219.jpg 300w, https:\/\/www.parkandstay.se\/wp-content\/uploads\/2021\/02\/350seaview.jpg 350w\" sizes=\"(max-width: 300px) 100vw, 300px\" \/><\/p>\n<div><strong>Facts about\u00a0 Park andStay Sm\u00f6gen Quickstop:\u00a0<\/strong><\/div>\n<ul>\n<li>Maximal\u00a0occupancy\u00a0: 16pcs<\/li>\n<li>Motorhome: YES<\/li>\n<li>Caravan: <span>No just Campers allowed<\/span><\/li>\n<li>Payment solution: Online payment &#8211; Use Visa \/ Mastecard or choose invoice \/ internet banking,<\/li>\n<li>Security: Runs by authorized security company 24 hours a day<\/li>\n<li>Electricity: YES<\/li>\n<li>Garbage \/ source sorting: YES<\/li>\n<li>Water: YES<\/li>\n<li>GRAY \/ WASTEWATER: YES<\/li>\n<li>Sea view: YES<\/li>\n<li>Bathing place: 200m<\/li>\n<li>Open 24 hours a day: YES<\/li>\n<li>Toilet: There are several common toilets in the vicinity (within 250m)<\/li>\n<li>Coatings: Graveled area \/ green areas around \/ ocean view<\/li>\n<\/ul>\n<p>[\/et_pb_text][\/et_pb_column][et_pb_column type=&#8221;1_4&#8243; _builder_version=&#8221;4.16&#8243; _module_preset=&#8221;default&#8221; global_colors_info=&#8221;{}&#8221;][et_pb_button button_url=&#8221;https:\/\/www.parkandstay.se\/en\/where-we-are\/opening-hours\/&#8221; button_text=&#8221;Our opening hours&#8221; _builder_version=&#8221;4.22.2&#8243; _module_preset=&#8221;default&#8221; global_colors_info=&#8221;{}&#8221;][\/et_pb_button][\/et_pb_column][\/et_pb_row][et_pb_row _builder_version=&#8221;4.27.4&#8243; _module_preset=&#8221;default&#8221;][et_pb_column _builder_version=&#8221;4.27.4&#8243; _module_preset=&#8221;default&#8221; type=&#8221;4_4&#8243;][et_pb_image src=&#8221;https:\/\/www.parkandstay.se\/wp-content\/uploads\/2025\/09\/skylt-smogen.jpg&#8221; _builder_version=&#8221;4.27.4&#8243; _module_preset=&#8221;default&#8221; title_text=&#8221;skylt-smogen&#8221; hover_enabled=&#8221;0&#8243; sticky_enabled=&#8221;0&#8243;][\/et_pb_image][\/et_pb_column][\/et_pb_row][et_pb_row _builder_version=&#8221;4.21.0&#8243; _module_preset=&#8221;default&#8221; global_colors_info=&#8221;{}&#8221;][et_pb_column type=&#8221;4_4&#8243; _builder_version=&#8221;4.21.0&#8243; _module_preset=&#8221;default&#8221; global_colors_info=&#8221;{}&#8221;][et_pb_code _builder_version=&#8221;4.21.0&#8243; _module_preset=&#8221;default&#8221; global_colors_info=&#8221;{}&#8221;]<iframe loading=\"lazy\" width=\"560\" height=\"315\" src=\"https:\/\/www.youtube.com\/embed\/YNRxJbmrfgg\" title=\"YouTube video player\" frameborder=\"0\" allow=\"accelerometer; autoplay; clipboard-write; encrypted-media; gyroscope; picture-in-picture; web-share\" allowfullscreen><\/iframe>[\/et_pb_code][\/et_pb_column][\/et_pb_row][\/et_pb_section]<\/p>\n","protected":false},"excerpt":{"rendered":"<p>Welcome and visit us! Park and Stay&#8217;s quickstop site is located directly on the right side after the bridge into Sm\u00f6gen Centre. NOTE! Park and Stay&#8217;s QuickStop\u00a0is\u00a0on the right side\u00a0with Park and Stay&#8217;s profile \/ signage not the parking on the left. Important information: Payment of location is done ONLY through www.parkandstay.se Pay here(not in Parking meter \/ ticketing machine on the other parking)\u00a0 The location is perfect with sea views, 200m to the bath place and a ICA Supermarket. Public toilets are located at Sand\u00f6badet about 200 m west and at ICA Ankaret&#8217;s parking about 200 m south from the quickstop. From the Quickstop it is only a mere 925meters walk to the amazing &#8220;Sm\u00f6genbryggan&#8221; with cozy shops and fine sights and amazing views with boats and ocean in a very special mix! Park and Stay Sm\u00f6gen have freshwater, possibility to get rid of grey water and \u201dblack water\u201d \/ toilet emptying. We also have electricity om all our parkingspots since June 2023. Click the link below for directions through Google Maps: https:\/\/goo.gl\/maps\/X9yvU74i1272 Address of GPS entry: Hassel\u00f6sundsv\u00e4gen, 450 43 Sm\u00f6gen, Sweden Coordinates: 58.363850, 11.231774 SWEREF99 \/\u00a0N6472028,8 \/E105082,3 Find us:\u00a0Drive towards Sm\u00f6gen center, after the bridge turn first right [&hellip;]<\/p>\n","protected":false},"author":1,"featured_media":0,"parent":404,"menu_order":0,"comment_status":"closed","ping_status":"closed","template":"","meta":{"_acf_changed":false,"_et_pb_use_builder":"on","_et_pb_old_content":"","_et_gb_content_width":"","inline_featured_image":false,"footnotes":""},"class_list":["post-414","page","type-page","status-publish","hentry"],"yoast_head":"<!-- This site is optimized with the Yoast SEO plugin v27.2 - https:\/\/yoast.com\/product\/yoast-seo-wordpress\/ -->\n<title>Sm\u00f6gen - Park and Stay<\/title>\n<meta name=\"robots\" content=\"index, follow, max-snippet:-1, max-image-preview:large, max-video-preview:-1\" \/>\n<link rel=\"canonical\" href=\"https:\/\/www.parkandstay.se\/en\/where-we-are\/smogen\/\" \/>\n<meta property=\"og:locale\" content=\"en_US\" \/>\n<meta property=\"og:type\" content=\"article\" \/>\n<meta property=\"og:title\" content=\"Sm\u00f6gen - Park and Stay\" \/>\n<meta property=\"og:description\" content=\"Welcome and visit us! Park and Stay&#039;s quickstop site is located directly on the right side after the bridge into Sm\u00f6gen Centre. NOTE! Park and Stay&#039;s QuickStop\u00a0is\u00a0on the right side\u00a0with Park and Stay&#039;s profile \/ signage not the parking on the left. Important information: Payment of location is done ONLY through www.parkandstay.se Pay here(not in Parking meter \/ ticketing machine on the other parking)\u00a0 The location is perfect with sea views, 200m to the bath place and a ICA Supermarket. Public toilets are located at Sand\u00f6badet about 200 m west and at ICA Ankaret&#039;s parking about 200 m south from the quickstop. From the Quickstop it is only a mere 925meters walk to the amazing &quot;Sm\u00f6genbryggan&quot; with cozy shops and fine sights and amazing views with boats and ocean in a very special mix! Park and Stay Sm\u00f6gen have freshwater, possibility to get rid of grey water and \u201dblack water\u201d \/ toilet emptying. We also have electricity om all our parkingspots since June 2023. Click the link below for directions through Google Maps: https:\/\/goo.gl\/maps\/X9yvU74i1272 Address of GPS entry: Hassel\u00f6sundsv\u00e4gen, 450 43 Sm\u00f6gen, Sweden Coordinates: 58.363850, 11.231774 SWEREF99 \/\u00a0N6472028,8 \/E105082,3 Find us:\u00a0Drive towards Sm\u00f6gen center, after the bridge turn first right [&hellip;]\" \/>\n<meta property=\"og:url\" content=\"https:\/\/www.parkandstay.se\/en\/where-we-are\/smogen\/\" \/>\n<meta property=\"og:site_name\" content=\"Park and Stay\" \/>\n<meta property=\"article:modified_time\" content=\"2025-09-18T13:39:31+00:00\" \/>\n<meta property=\"og:image\" content=\"https:\/\/www.parkandstay.se\/wp-content\/uploads\/2021\/02\/350seaview.jpg\" \/>\n\t<meta property=\"og:image:width\" content=\"350\" \/>\n\t<meta property=\"og:image:height\" content=\"255\" \/>\n\t<meta property=\"og:image:type\" content=\"image\/jpeg\" \/>\n<meta name=\"twitter:card\" content=\"summary_large_image\" \/>\n<meta name=\"twitter:label1\" content=\"Est. reading time\" \/>\n\t<meta name=\"twitter:data1\" content=\"3 minutes\" \/>\n<script type=\"application\/ld+json\" class=\"yoast-schema-graph\">{\"@context\":\"https:\/\/schema.org\",\"@graph\":[{\"@type\":\"WebPage\",\"@id\":\"https:\/\/www.parkandstay.se\/en\/where-we-are\/smogen\/\",\"url\":\"https:\/\/www.parkandstay.se\/en\/where-we-are\/smogen\/\",\"name\":\"Sm\u00f6gen - Park and Stay\",\"isPartOf\":{\"@id\":\"https:\/\/www.parkandstay.se\/#website\"},\"primaryImageOfPage\":{\"@id\":\"https:\/\/www.parkandstay.se\/en\/where-we-are\/smogen\/#primaryimage\"},\"image\":{\"@id\":\"https:\/\/www.parkandstay.se\/en\/where-we-are\/smogen\/#primaryimage\"},\"thumbnailUrl\":\"https:\/\/www.parkandstay.se\/wp-content\/uploads\/2021\/02\/350seaview-300x219.jpg\",\"datePublished\":\"2021-02-17T13:51:03+00:00\",\"dateModified\":\"2025-09-18T13:39:31+00:00\",\"breadcrumb\":{\"@id\":\"https:\/\/www.parkandstay.se\/en\/where-we-are\/smogen\/#breadcrumb\"},\"inLanguage\":\"en-US\",\"potentialAction\":[{\"@type\":\"ReadAction\",\"target\":[\"https:\/\/www.parkandstay.se\/en\/where-we-are\/smogen\/\"]}]},{\"@type\":\"ImageObject\",\"inLanguage\":\"en-US\",\"@id\":\"https:\/\/www.parkandstay.se\/en\/where-we-are\/smogen\/#primaryimage\",\"url\":\"https:\/\/www.parkandstay.se\/wp-content\/uploads\/2021\/02\/350seaview-300x219.jpg\",\"contentUrl\":\"https:\/\/www.parkandstay.se\/wp-content\/uploads\/2021\/02\/350seaview-300x219.jpg\"},{\"@type\":\"BreadcrumbList\",\"@id\":\"https:\/\/www.parkandstay.se\/en\/where-we-are\/smogen\/#breadcrumb\",\"itemListElement\":[{\"@type\":\"ListItem\",\"position\":1,\"name\":\"Home\",\"item\":\"https:\/\/www.parkandstay.se\/en\/\"},{\"@type\":\"ListItem\",\"position\":2,\"name\":\"Where we are\",\"item\":\"https:\/\/www.parkandstay.se\/en\/where-we-are\/\"},{\"@type\":\"ListItem\",\"position\":3,\"name\":\"Sm\u00f6gen\"}]},{\"@type\":\"WebSite\",\"@id\":\"https:\/\/www.parkandstay.se\/#website\",\"url\":\"https:\/\/www.parkandstay.se\/\",\"name\":\"Park and Stay\",\"description\":\"St\u00e4llplatser f\u00f6r husbilar i Sverige!\",\"potentialAction\":[{\"@type\":\"SearchAction\",\"target\":{\"@type\":\"EntryPoint\",\"urlTemplate\":\"https:\/\/www.parkandstay.se\/?s={search_term_string}\"},\"query-input\":{\"@type\":\"PropertyValueSpecification\",\"valueRequired\":true,\"valueName\":\"search_term_string\"}}],\"inLanguage\":\"en-US\"}]}<\/script>\n<!-- \/ Yoast SEO plugin. -->","yoast_head_json":{"title":"Sm\u00f6gen - Park and Stay","robots":{"index":"index","follow":"follow","max-snippet":"max-snippet:-1","max-image-preview":"max-image-preview:large","max-video-preview":"max-video-preview:-1"},"canonical":"https:\/\/www.parkandstay.se\/en\/where-we-are\/smogen\/","og_locale":"en_US","og_type":"article","og_title":"Sm\u00f6gen - Park and Stay","og_description":"Welcome and visit us! Park and Stay's quickstop site is located directly on the right side after the bridge into Sm\u00f6gen Centre. NOTE! Park and Stay's QuickStop\u00a0is\u00a0on the right side\u00a0with Park and Stay's profile \/ signage not the parking on the left. Important information: Payment of location is done ONLY through www.parkandstay.se Pay here(not in Parking meter \/ ticketing machine on the other parking)\u00a0 The location is perfect with sea views, 200m to the bath place and a ICA Supermarket. Public toilets are located at Sand\u00f6badet about 200 m west and at ICA Ankaret's parking about 200 m south from the quickstop. From the Quickstop it is only a mere 925meters walk to the amazing \"Sm\u00f6genbryggan\" with cozy shops and fine sights and amazing views with boats and ocean in a very special mix! Park and Stay Sm\u00f6gen have freshwater, possibility to get rid of grey water and \u201dblack water\u201d \/ toilet emptying. We also have electricity om all our parkingspots since June 2023. Click the link below for directions through Google Maps: https:\/\/goo.gl\/maps\/X9yvU74i1272 Address of GPS entry: Hassel\u00f6sundsv\u00e4gen, 450 43 Sm\u00f6gen, Sweden Coordinates: 58.363850, 11.231774 SWEREF99 \/\u00a0N6472028,8 \/E105082,3 Find us:\u00a0Drive towards Sm\u00f6gen center, after the bridge turn first right [&hellip;]","og_url":"https:\/\/www.parkandstay.se\/en\/where-we-are\/smogen\/","og_site_name":"Park and Stay","article_modified_time":"2025-09-18T13:39:31+00:00","og_image":[{"width":350,"height":255,"url":"https:\/\/www.parkandstay.se\/wp-content\/uploads\/2021\/02\/350seaview.jpg","type":"image\/jpeg"}],"twitter_card":"summary_large_image","twitter_misc":{"Est. reading time":"3 minutes"},"schema":{"@context":"https:\/\/schema.org","@graph":[{"@type":"WebPage","@id":"https:\/\/www.parkandstay.se\/en\/where-we-are\/smogen\/","url":"https:\/\/www.parkandstay.se\/en\/where-we-are\/smogen\/","name":"Sm\u00f6gen - Park and Stay","isPartOf":{"@id":"https:\/\/www.parkandstay.se\/#website"},"primaryImageOfPage":{"@id":"https:\/\/www.parkandstay.se\/en\/where-we-are\/smogen\/#primaryimage"},"image":{"@id":"https:\/\/www.parkandstay.se\/en\/where-we-are\/smogen\/#primaryimage"},"thumbnailUrl":"https:\/\/www.parkandstay.se\/wp-content\/uploads\/2021\/02\/350seaview-300x219.jpg","datePublished":"2021-02-17T13:51:03+00:00","dateModified":"2025-09-18T13:39:31+00:00","breadcrumb":{"@id":"https:\/\/www.parkandstay.se\/en\/where-we-are\/smogen\/#breadcrumb"},"inLanguage":"en-US","potentialAction":[{"@type":"ReadAction","target":["https:\/\/www.parkandstay.se\/en\/where-we-are\/smogen\/"]}]},{"@type":"ImageObject","inLanguage":"en-US","@id":"https:\/\/www.parkandstay.se\/en\/where-we-are\/smogen\/#primaryimage","url":"https:\/\/www.parkandstay.se\/wp-content\/uploads\/2021\/02\/350seaview-300x219.jpg","contentUrl":"https:\/\/www.parkandstay.se\/wp-content\/uploads\/2021\/02\/350seaview-300x219.jpg"},{"@type":"BreadcrumbList","@id":"https:\/\/www.parkandstay.se\/en\/where-we-are\/smogen\/#breadcrumb","itemListElement":[{"@type":"ListItem","position":1,"name":"Home","item":"https:\/\/www.parkandstay.se\/en\/"},{"@type":"ListItem","position":2,"name":"Where we are","item":"https:\/\/www.parkandstay.se\/en\/where-we-are\/"},{"@type":"ListItem","position":3,"name":"Sm\u00f6gen"}]},{"@type":"WebSite","@id":"https:\/\/www.parkandstay.se\/#website","url":"https:\/\/www.parkandstay.se\/","name":"Park and Stay","description":"St\u00e4llplatser f\u00f6r husbilar i Sverige!","potentialAction":[{"@type":"SearchAction","target":{"@type":"EntryPoint","urlTemplate":"https:\/\/www.parkandstay.se\/?s={search_term_string}"},"query-input":{"@type":"PropertyValueSpecification","valueRequired":true,"valueName":"search_term_string"}}],"inLanguage":"en-US"}]}},"acf":[],"_links":{"self":[{"href":"https:\/\/www.parkandstay.se\/en\/wp-json\/wp\/v2\/pages\/414","targetHints":{"allow":["GET"]}}],"collection":[{"href":"https:\/\/www.parkandstay.se\/en\/wp-json\/wp\/v2\/pages"}],"about":[{"href":"https:\/\/www.parkandstay.se\/en\/wp-json\/wp\/v2\/types\/page"}],"author":[{"embeddable":true,"href":"https:\/\/www.parkandstay.se\/en\/wp-json\/wp\/v2\/users\/1"}],"replies":[{"embeddable":true,"href":"https:\/\/www.parkandstay.se\/en\/wp-json\/wp\/v2\/comments?post=414"}],"version-history":[{"count":5,"href":"https:\/\/www.parkandstay.se\/en\/wp-json\/wp\/v2\/pages\/414\/revisions"}],"predecessor-version":[{"id":27156,"href":"https:\/\/www.parkandstay.se\/en\/wp-json\/wp\/v2\/pages\/414\/revisions\/27156"}],"up":[{"embeddable":true,"href":"https:\/\/www.parkandstay.se\/en\/wp-json\/wp\/v2\/pages\/404"}],"wp:attachment":[{"href":"https:\/\/www.parkandstay.se\/en\/wp-json\/wp\/v2\/media?parent=414"}],"curies":[{"name":"wp","href":"https:\/\/api.w.org\/{rel}","templated":true}]}}