{"id":4110,"date":"2022-04-29T13:11:46","date_gmt":"2022-04-29T11:11:46","guid":{"rendered":"https:\/\/www.parkandstay.se\/?page_id=4110"},"modified":"2022-10-10T15:19:00","modified_gmt":"2022-10-10T13:19:00","slug":"sjomack-motala-sodra-strand","status":"publish","type":"page","link":"https:\/\/www.parkandstay.se\/en\/where-we-are\/sjomack-motala-sodra-strand\/","title":{"rendered":"Welcome to S\u00f6dra Strand Sj\u00f6mack"},"content":{"rendered":"<p>[et_pb_section fb_built=&#8221;1&#8243; _builder_version=&#8221;4.16&#8243; _module_preset=&#8221;default&#8221; global_colors_info=&#8221;{}&#8221;][et_pb_row column_structure=&#8221;3_5,2_5&#8243; _builder_version=&#8221;4.16&#8243; _module_preset=&#8221;default&#8221; collapsed=&#8221;on&#8221; global_colors_info=&#8221;{}&#8221;][et_pb_column type=&#8221;3_5&#8243; _builder_version=&#8221;4.16&#8243; _module_preset=&#8221;default&#8221; global_colors_info=&#8221;{}&#8221;][et_pb_post_title meta=&#8221;off&#8221; featured_image=&#8221;off&#8221; _builder_version=&#8221;4.16&#8243; _module_preset=&#8221;default&#8221; global_colors_info=&#8221;{}&#8221;][\/et_pb_post_title][et_pb_text ul_item_indent=&#8221;30px&#8221; _builder_version=&#8221;4.17.2&#8243; _module_preset=&#8221;default&#8221; header_2_line_height=&#8221;1.5em&#8221; header_3_line_height=&#8221;1.4em&#8221; global_colors_info=&#8221;{}&#8221;]<\/p>\n<h3>With us, you refuel with petrol and diesel, when the card terminal is open, refueling can take place unmanned with a credit card.<\/h3>\n<p><strong>Sj\u00f6macken is open every day of the year between 06:00 and 20:00<\/strong><\/p>\n<p>Fuels available are Petrol (E5) and Diesel (ACP Diesel without RME).<br \/>The price is stated in the payment terminal \/ pump, please note that we only accept card payment and payment is made in the payment terminal on the bridge, no cash or SWISH.<br \/>Welcome to us for a simple and trouble-free refueling!<\/p>\n<p><strong>IMPORTANT INFORMATION:<\/strong><\/p>\n<ul>\n<li>The card terminal reserves SEK 1,500 for the purchase of fuel<\/li>\n<li>If there is no SEK 1500 in your account, no purchase is allowed<\/li>\n<li>The reservation amount is released within 1-2 days of the purchase made<\/li>\n<li>If more fuel is desired (in addition to SEK 1,500), the purchase process can be redone if the desired amount of fuel has been reached<\/li>\n<li>Follow the instructions on the display and signs and be careful when refueling!<\/li>\n<li>In the event of a leak \/ fire, call 112 immediately and enter Sj\u00f6mack S\u00f6dra Strand<\/li>\n<\/ul>\n<p><em><strong>THANK YOU FOR THINKING WITH US!<\/strong><\/em><\/p>\n<p>[\/et_pb_text][et_pb_code admin_label=&#8221;karta&#8221; _builder_version=&#8221;4.16&#8243; _module_preset=&#8221;default&#8221; global_colors_info=&#8221;{}&#8221;]<iframe<!-- [et_pb_line_break_holder] -->src=&#8221;https:\/\/www.google.com\/maps\/embed?pb=!1m14!1m8!1m3!1d1041.4479703148013!2d15.0380621!3d5<!-- [et_pb_line_break_holder] -->8.5299478!3m2!1i1024!2i768!4f13.1!3m3!1m2!1s0x465bdd358bd210a5%3A0x94a47c7170602971!2sSj%C3%B<!-- [et_pb_line_break_holder] -->6mack%20Motala!5e0!3m2!1ssv!2sse!4v1643190176747!5m2!1ssv!2sse&#8221; width=&#8221;100%&#8221; height=&#8221;450&#8243;<!-- [et_pb_line_break_holder] -->style=&#8221;border:0;&#8221; allowfullscreen=&#8221;&#8221; loading=&#8221;lazy&#8221;><\/iframe>[\/et_pb_code][et_pb_text _builder_version=&#8221;4.17.2&#8243; _module_preset=&#8221;default&#8221; global_colors_info=&#8221;{}&#8221;]<\/p>\n<p><strong>Address for GPS input:<\/strong><br \/>Coordinates: 58.53013963437971, 15.036994580852523<\/p>\n<p>[\/et_pb_text][\/et_pb_column][et_pb_column type=&#8221;2_5&#8243; _builder_version=&#8221;4.16&#8243; _module_preset=&#8221;default&#8221; global_colors_info=&#8221;{}&#8221;][et_pb_image src=&#8221;https:\/\/www.parkandstay.se\/wp-content\/uploads\/2022\/02\/skomack.png&#8221; alt=&#8221;Motala&#8221; align=&#8221;center&#8221; _builder_version=&#8221;4.16&#8243; _module_preset=&#8221;default&#8221; width=&#8221;30%&#8221; global_colors_info=&#8221;{}&#8221;][\/et_pb_image][et_pb_text admin_label=&#8221;Fakta&#8221; _builder_version=&#8221;4.17.6&#8243; _module_preset=&#8221;default&#8221; hover_enabled=&#8221;0&#8243; global_colors_info=&#8221;{}&#8221; sticky_enabled=&#8221;0&#8243;]<\/p>\n<h2>Sj\u00f6macken&#8217;s opening hours 2022:<\/h2>\n<p>Every day all year round between 06:00 and 20:00<\/p>\n<p>[\/et_pb_text][\/et_pb_column][\/et_pb_row][et_pb_row make_equal=&#8221;on&#8221; _builder_version=&#8221;4.16&#8243; _module_preset=&#8221;default&#8221; global_colors_info=&#8221;{}&#8221; locked=&#8221;off&#8221;][et_pb_column type=&#8221;4_4&#8243; _builder_version=&#8221;4.16&#8243; _module_preset=&#8221;default&#8221; global_colors_info=&#8221;{}&#8221;][et_pb_text _builder_version=&#8221;4.17.3&#8243; _module_preset=&#8221;default&#8221; hover_enabled=&#8221;0&#8243; global_colors_info=&#8221;{}&#8221; header_2_line_height=&#8221;1.5em&#8221; sticky_enabled=&#8221;0&#8243;]<\/p>\n<h2>Tillf\u00e4lligt h\u00f6jda priser Motala S\u00f6dra Strand V24 \/ Ons-S\u00f6n p\u00e5 grund av V\u00e4tternrundan<\/h2>\n<p>[\/et_pb_text][\/et_pb_column][\/et_pb_row][et_pb_row column_structure=&#8221;1_3,1_3,1_3&#8243; _builder_version=&#8221;4.16&#8243; _module_preset=&#8221;default&#8221; global_colors_info=&#8221;{}&#8221;][et_pb_column type=&#8221;1_3&#8243; _builder_version=&#8221;4.16&#8243; _module_preset=&#8221;default&#8221; global_colors_info=&#8221;{}&#8221;][et_pb_image src=&#8221;https:\/\/www.parkandstay.se\/wp-content\/uploads\/2022\/05\/motala-sjomack-01.jpg&#8221; alt=&#8221;Motala sj\u00f6mack&#8221; title_text=&#8221;motala-sjomack-01&#8243; _builder_version=&#8221;4.17.3&#8243; _module_preset=&#8221;default&#8221; global_colors_info=&#8221;{}&#8221;][\/et_pb_image][\/et_pb_column][et_pb_column type=&#8221;1_3&#8243; _builder_version=&#8221;4.16&#8243; _module_preset=&#8221;default&#8221; global_colors_info=&#8221;{}&#8221;][et_pb_image src=&#8221;https:\/\/www.parkandstay.se\/wp-content\/uploads\/2022\/02\/motala-2.jpg&#8221; alt=&#8221;Motala&#8221; _builder_version=&#8221;4.16&#8243; _module_preset=&#8221;default&#8221; global_colors_info=&#8221;{}&#8221;][\/et_pb_image][\/et_pb_column][et_pb_column type=&#8221;1_3&#8243; _builder_version=&#8221;4.16&#8243; _module_preset=&#8221;default&#8221; global_colors_info=&#8221;{}&#8221;][et_pb_image src=&#8221;https:\/\/www.parkandstay.se\/wp-content\/uploads\/2022\/02\/motala-1.jpg&#8221; alt=&#8221;Motala&#8221; _builder_version=&#8221;4.16&#8243; _module_preset=&#8221;default&#8221; global_colors_info=&#8221;{}&#8221;][\/et_pb_image][\/et_pb_column][\/et_pb_row][\/et_pb_section]<\/p>\n","protected":false},"excerpt":{"rendered":"<p>With us, you refuel with petrol and diesel, when the card terminal is open, refueling can take place unmanned with a credit card. Sj\u00f6macken is open every day of the year between 06:00 and 20:00 Fuels available are Petrol (E5) and Diesel (ACP Diesel without RME).The price is stated in the payment terminal \/ pump, please note that we only accept card payment and payment is made in the payment terminal on the bridge, no cash or SWISH.Welcome to us for a simple and trouble-free refueling! IMPORTANT INFORMATION: The card terminal reserves SEK 1,500 for the purchase of fuel If there is no SEK 1500 in your account, no purchase is allowed The reservation amount is released within 1-2 days of the purchase made If more fuel is desired (in addition to SEK 1,500), the purchase process can be redone if the desired amount of fuel has been reached Follow the instructions on the display and signs and be careful when refueling! In the event of a leak \/ fire, call 112 immediately and enter Sj\u00f6mack S\u00f6dra Strand THANK YOU FOR THINKING WITH US!Address for GPS input:Coordinates: 58.53013963437971, 15.036994580852523Sj\u00f6macken&#8217;s opening hours 2022: Every day all year round between 06:00 and [&hellip;]<\/p>\n","protected":false},"author":1,"featured_media":0,"parent":404,"menu_order":0,"comment_status":"closed","ping_status":"closed","template":"","meta":{"_acf_changed":false,"_et_pb_use_builder":"on","_et_pb_old_content":"","_et_gb_content_width":"","inline_featured_image":false,"footnotes":""},"class_list":["post-4110","page","type-page","status-publish","hentry"],"yoast_head":"<!-- This site is optimized with the Yoast SEO plugin v27.2 - https:\/\/yoast.com\/product\/yoast-seo-wordpress\/ -->\n<title>Welcome to S\u00f6dra Strand Sj\u00f6mack - Park and Stay<\/title>\n<meta name=\"description\" content=\"V\u00e5r sj\u00f6mack m\u00e5ste \u00f6r obemannad och \u00f6ppen mellan 06-20\" \/>\n<meta name=\"robots\" content=\"index, follow, max-snippet:-1, max-image-preview:large, max-video-preview:-1\" \/>\n<link rel=\"canonical\" href=\"https:\/\/www.parkandstay.se\/en\/where-we-are\/sjomack-motala-sodra-strand\/\" \/>\n<meta property=\"og:locale\" content=\"en_US\" \/>\n<meta property=\"og:type\" content=\"article\" \/>\n<meta property=\"og:title\" content=\"Welcome to S\u00f6dra Strand Sj\u00f6mack - Park and Stay\" \/>\n<meta property=\"og:description\" content=\"V\u00e5r sj\u00f6mack m\u00e5ste \u00f6r obemannad och \u00f6ppen mellan 06-20\" \/>\n<meta property=\"og:url\" content=\"https:\/\/www.parkandstay.se\/en\/where-we-are\/sjomack-motala-sodra-strand\/\" \/>\n<meta property=\"og:site_name\" content=\"Park and Stay\" \/>\n<meta property=\"article:modified_time\" content=\"2022-10-10T13:19:00+00:00\" \/>\n<meta name=\"twitter:card\" content=\"summary_large_image\" \/>\n<meta name=\"twitter:label1\" content=\"Est. reading time\" \/>\n\t<meta name=\"twitter:data1\" content=\"2 minutes\" \/>\n<script type=\"application\/ld+json\" class=\"yoast-schema-graph\">{\"@context\":\"https:\/\/schema.org\",\"@graph\":[{\"@type\":\"WebPage\",\"@id\":\"https:\/\/www.parkandstay.se\/en\/where-we-are\/sjomack-motala-sodra-strand\/\",\"url\":\"https:\/\/www.parkandstay.se\/en\/where-we-are\/sjomack-motala-sodra-strand\/\",\"name\":\"Welcome to S\u00f6dra Strand Sj\u00f6mack - Park and Stay\",\"isPartOf\":{\"@id\":\"https:\/\/www.parkandstay.se\/#website\"},\"datePublished\":\"2022-04-29T11:11:46+00:00\",\"dateModified\":\"2022-10-10T13:19:00+00:00\",\"description\":\"V\u00e5r sj\u00f6mack m\u00e5ste \u00f6r obemannad och \u00f6ppen mellan 06-20\",\"breadcrumb\":{\"@id\":\"https:\/\/www.parkandstay.se\/en\/where-we-are\/sjomack-motala-sodra-strand\/#breadcrumb\"},\"inLanguage\":\"en-US\",\"potentialAction\":[{\"@type\":\"ReadAction\",\"target\":[\"https:\/\/www.parkandstay.se\/en\/where-we-are\/sjomack-motala-sodra-strand\/\"]}]},{\"@type\":\"BreadcrumbList\",\"@id\":\"https:\/\/www.parkandstay.se\/en\/where-we-are\/sjomack-motala-sodra-strand\/#breadcrumb\",\"itemListElement\":[{\"@type\":\"ListItem\",\"position\":1,\"name\":\"Home\",\"item\":\"https:\/\/www.parkandstay.se\/en\/\"},{\"@type\":\"ListItem\",\"position\":2,\"name\":\"Where we are\",\"item\":\"https:\/\/www.parkandstay.se\/en\/where-we-are\/\"},{\"@type\":\"ListItem\",\"position\":3,\"name\":\"Welcome to S\u00f6dra Strand Sj\u00f6mack\"}]},{\"@type\":\"WebSite\",\"@id\":\"https:\/\/www.parkandstay.se\/#website\",\"url\":\"https:\/\/www.parkandstay.se\/\",\"name\":\"Park and Stay\",\"description\":\"St\u00e4llplatser f\u00f6r husbilar i Sverige!\",\"potentialAction\":[{\"@type\":\"SearchAction\",\"target\":{\"@type\":\"EntryPoint\",\"urlTemplate\":\"https:\/\/www.parkandstay.se\/?s={search_term_string}\"},\"query-input\":{\"@type\":\"PropertyValueSpecification\",\"valueRequired\":true,\"valueName\":\"search_term_string\"}}],\"inLanguage\":\"en-US\"}]}<\/script>\n<!-- \/ Yoast SEO plugin. -->","yoast_head_json":{"title":"Welcome to S\u00f6dra Strand Sj\u00f6mack - Park and Stay","description":"V\u00e5r sj\u00f6mack m\u00e5ste \u00f6r obemannad och \u00f6ppen mellan 06-20","robots":{"index":"index","follow":"follow","max-snippet":"max-snippet:-1","max-image-preview":"max-image-preview:large","max-video-preview":"max-video-preview:-1"},"canonical":"https:\/\/www.parkandstay.se\/en\/where-we-are\/sjomack-motala-sodra-strand\/","og_locale":"en_US","og_type":"article","og_title":"Welcome to S\u00f6dra Strand Sj\u00f6mack - Park and Stay","og_description":"V\u00e5r sj\u00f6mack m\u00e5ste \u00f6r obemannad och \u00f6ppen mellan 06-20","og_url":"https:\/\/www.parkandstay.se\/en\/where-we-are\/sjomack-motala-sodra-strand\/","og_site_name":"Park and Stay","article_modified_time":"2022-10-10T13:19:00+00:00","twitter_card":"summary_large_image","twitter_misc":{"Est. reading time":"2 minutes"},"schema":{"@context":"https:\/\/schema.org","@graph":[{"@type":"WebPage","@id":"https:\/\/www.parkandstay.se\/en\/where-we-are\/sjomack-motala-sodra-strand\/","url":"https:\/\/www.parkandstay.se\/en\/where-we-are\/sjomack-motala-sodra-strand\/","name":"Welcome to S\u00f6dra Strand Sj\u00f6mack - Park and Stay","isPartOf":{"@id":"https:\/\/www.parkandstay.se\/#website"},"datePublished":"2022-04-29T11:11:46+00:00","dateModified":"2022-10-10T13:19:00+00:00","description":"V\u00e5r sj\u00f6mack m\u00e5ste \u00f6r obemannad och \u00f6ppen mellan 06-20","breadcrumb":{"@id":"https:\/\/www.parkandstay.se\/en\/where-we-are\/sjomack-motala-sodra-strand\/#breadcrumb"},"inLanguage":"en-US","potentialAction":[{"@type":"ReadAction","target":["https:\/\/www.parkandstay.se\/en\/where-we-are\/sjomack-motala-sodra-strand\/"]}]},{"@type":"BreadcrumbList","@id":"https:\/\/www.parkandstay.se\/en\/where-we-are\/sjomack-motala-sodra-strand\/#breadcrumb","itemListElement":[{"@type":"ListItem","position":1,"name":"Home","item":"https:\/\/www.parkandstay.se\/en\/"},{"@type":"ListItem","position":2,"name":"Where we are","item":"https:\/\/www.parkandstay.se\/en\/where-we-are\/"},{"@type":"ListItem","position":3,"name":"Welcome to S\u00f6dra Strand Sj\u00f6mack"}]},{"@type":"WebSite","@id":"https:\/\/www.parkandstay.se\/#website","url":"https:\/\/www.parkandstay.se\/","name":"Park and Stay","description":"St\u00e4llplatser f\u00f6r husbilar i Sverige!","potentialAction":[{"@type":"SearchAction","target":{"@type":"EntryPoint","urlTemplate":"https:\/\/www.parkandstay.se\/?s={search_term_string}"},"query-input":{"@type":"PropertyValueSpecification","valueRequired":true,"valueName":"search_term_string"}}],"inLanguage":"en-US"}]}},"acf":[],"_links":{"self":[{"href":"https:\/\/www.parkandstay.se\/en\/wp-json\/wp\/v2\/pages\/4110","targetHints":{"allow":["GET"]}}],"collection":[{"href":"https:\/\/www.parkandstay.se\/en\/wp-json\/wp\/v2\/pages"}],"about":[{"href":"https:\/\/www.parkandstay.se\/en\/wp-json\/wp\/v2\/types\/page"}],"author":[{"embeddable":true,"href":"https:\/\/www.parkandstay.se\/en\/wp-json\/wp\/v2\/users\/1"}],"replies":[{"embeddable":true,"href":"https:\/\/www.parkandstay.se\/en\/wp-json\/wp\/v2\/comments?post=4110"}],"version-history":[{"count":8,"href":"https:\/\/www.parkandstay.se\/en\/wp-json\/wp\/v2\/pages\/4110\/revisions"}],"predecessor-version":[{"id":9607,"href":"https:\/\/www.parkandstay.se\/en\/wp-json\/wp\/v2\/pages\/4110\/revisions\/9607"}],"up":[{"embeddable":true,"href":"https:\/\/www.parkandstay.se\/en\/wp-json\/wp\/v2\/pages\/404"}],"wp:attachment":[{"href":"https:\/\/www.parkandstay.se\/en\/wp-json\/wp\/v2\/media?parent=4110"}],"curies":[{"name":"wp","href":"https:\/\/api.w.org\/{rel}","templated":true}]}}