{"id":4097,"date":"2022-04-29T14:40:06","date_gmt":"2022-04-29T12:40:06","guid":{"rendered":"https:\/\/www.parkandstay.se\/?page_id=4097"},"modified":"2025-04-18T11:04:18","modified_gmt":"2025-04-18T09:04:18","slug":"motala-sodra-strand-stallplats","status":"publish","type":"page","link":"https:\/\/www.parkandstay.se\/en\/where-we-are\/motala-sodra-strand-stallplats\/","title":{"rendered":"Motala &#8211; S\u00f6dra Strand St\u00e4llplats"},"content":{"rendered":"<p>[et_pb_section fb_built=&#8221;1&#8243; _builder_version=&#8221;4.16&#8243; _module_preset=&#8221;default&#8221; global_colors_info=&#8221;{}&#8221;][et_pb_row column_structure=&#8221;3_5,2_5&#8243; _builder_version=&#8221;4.16&#8243; _module_preset=&#8221;default&#8221; global_colors_info=&#8221;{}&#8221;][et_pb_column type=&#8221;3_5&#8243; _builder_version=&#8221;4.16&#8243; _module_preset=&#8221;default&#8221; global_colors_info=&#8221;{}&#8221;][et_pb_post_title meta=&#8221;off&#8221; featured_image=&#8221;off&#8221; _builder_version=&#8221;4.16&#8243; _module_preset=&#8221;default&#8221; global_colors_info=&#8221;{}&#8221;][\/et_pb_post_title][et_pb_text _builder_version=&#8221;4.17.2&#8243; _module_preset=&#8221;default&#8221; global_colors_info=&#8221;{}&#8221;]<\/p>\n<p>From 1 March 2022, Park and Stay AB will take over the operation of St\u00e4llplats Motala S\u00f6dra and Sj\u00f6macken and we will keep the site open all year round!<\/p>\n<p>For opening hours for refueling in our naval gas station, see information here.<\/p>\n<p><strong>Important information:<\/strong> Payment for the place is only made online via www.parkandstay.se\u00a0 <a href=\"https:\/\/www.parkandstay.se\/en\/pay\/\">Pay here<\/a><br \/>We apply drop in \/ subject to availability and have no pre-bookings.<\/p>\n<p>Welcome to our nice parking lot with fantastic lakeside location, just outside Motala Centrum. We have two fresh toilets and showers, you can refill water, empty gray and black water in our emptying room. Free WiFi and electricity are included in the fee, with us you have everything you need and a fantastic location to just enjoy your motorhome holiday, see boats bounce past and take a walk in a few minutes to cozy Motala. During the high season, we also have staff on site, a simpler ice cream kiosk and a sea station that we run under our own auspices.<\/p>\n<p>Welcome to one of Sweden&#8217;s most popular pitches, Park and Stay Motala-S\u00f6dra Strand, a tip is to be out well in advance of the day to get a place as our pitch has a very high occupancy during the high season.<\/p>\n<p>[\/et_pb_text][et_pb_code admin_label=&#8221;film&#8221; _builder_version=&#8221;4.22.2&#8243; _module_preset=&#8221;default&#8221; global_colors_info=&#8221;{}&#8221;]<iframe<!-- [et_pb_line_break_holder] -->src=&#8221;https:\/\/www.google.com\/maps\/embed?pb=!1m14!1m8!1m3!1d8331.665012000785!2d15.0375232!3d58.5296058!3m2!1i1024!2i768!4f13.1!3m3!1m2!1s0x465bdccf7ec727bd%3A0xf6e2e20c054dd9dd!2sPark%20and%20Stay%20S%C3%B6dra%20Strand%20Motala!5e0!3m2!1ssv!2sse!4v1698940185651!5m2!1ssv!2sse&#8221; width=&#8221;100%&#8221; height=&#8221;450&#8243;<!-- [et_pb_line_break_holder] -->style=&#8221;border:0;&#8221; allowfullscreen=&#8221;&#8221; loading=&#8221;lazy&#8221;><\/iframe>[\/et_pb_code][et_pb_text _builder_version=&#8221;4.17.2&#8243; _module_preset=&#8221;default&#8221; global_colors_info=&#8221;{}&#8221;]<\/p>\n<div class=\"page\" title=\"Page 1\">\n<div class=\"layoutArea\">\n<div class=\"column\">\n<p><strong>Address for GPS input:<\/strong><br \/>Fabriksgatan 12h, Motala Koordinater: 58.529743092136655, 15.037562611520311<\/p>\n<\/div>\n<\/div>\n<\/div>\n<p>[\/et_pb_text][\/et_pb_column][et_pb_column type=&#8221;2_5&#8243; _builder_version=&#8221;4.16&#8243; _module_preset=&#8221;default&#8221; global_colors_info=&#8221;{}&#8221;][et_pb_text admin_label=&#8221;Fakta&#8221; _builder_version=&#8221;4.17.2&#8243; _module_preset=&#8221;default&#8221; global_colors_info=&#8221;{}&#8221;]<\/p>\n<h2>Facts about Quickstop Motala-S\u00f6dra Strand:<\/h2>\n<ul>\n<li>Number of seats: 28 large and airy seats<\/li>\n<li>Motorhome: YES<\/li>\n<li>Caravan: NO (the building permit only approves motorhomes)<\/li>\n<li>Electricity: YES (included)<\/li>\n<li>Garbage \/ source sorting: YES<\/li>\n<li>Water: YES<\/li>\n<li>Greywater drainage: YES<\/li>\n<li>Drain \/ empty toilet cassette: YES<\/li>\n<li>Lake view: YES<\/li>\n<li>Open 24 hours a day: YES<\/li>\n<li>Toilet: YES (2pcs)<\/li>\n<li>Shower: YES<\/li>\n<li>WiFi: YES (included)<\/li>\n<li>Coating: Gravel surface \/ green areas around, nice walking paths, about 5 min walk into Motala.<\/li>\n<li>Payment solution: Online payment &#8211; Use Visa \/ Mastecard or select invoice \/ internet banking,<\/li>\n<li>Surveillance: Surrounded by an authorized security company around the clock<\/li>\n<li>Pre-booking: NO &#8211; We use drop in \/ subject to availability<\/li>\n<\/ul>\n<p>[\/et_pb_text][\/et_pb_column][\/et_pb_row][et_pb_row column_structure=&#8221;1_3,1_3,1_3&#8243; _builder_version=&#8221;4.16&#8243; _module_preset=&#8221;default&#8221; global_colors_info=&#8221;{}&#8221;][et_pb_column type=&#8221;1_3&#8243; _builder_version=&#8221;4.16&#8243; _module_preset=&#8221;default&#8221; global_colors_info=&#8221;{}&#8221;][et_pb_image src=&#8221;https:\/\/www.parkandstay.se\/wp-content\/uploads\/2022\/02\/motala-3.jpg&#8221; alt=&#8221;Motala&#8221; _builder_version=&#8221;4.16&#8243; _module_preset=&#8221;default&#8221; global_colors_info=&#8221;{}&#8221;][\/et_pb_image][\/et_pb_column][et_pb_column type=&#8221;1_3&#8243; _builder_version=&#8221;4.16&#8243; _module_preset=&#8221;default&#8221; global_colors_info=&#8221;{}&#8221;][et_pb_image src=&#8221;https:\/\/www.parkandstay.se\/wp-content\/uploads\/2022\/02\/motala-2.jpg&#8221; alt=&#8221;Motala&#8221; _builder_version=&#8221;4.16&#8243; _module_preset=&#8221;default&#8221; global_colors_info=&#8221;{}&#8221;][\/et_pb_image][\/et_pb_column][et_pb_column type=&#8221;1_3&#8243; _builder_version=&#8221;4.16&#8243; _module_preset=&#8221;default&#8221; global_colors_info=&#8221;{}&#8221;][et_pb_image src=&#8221;https:\/\/www.parkandstay.se\/wp-content\/uploads\/2022\/02\/motala-1.jpg&#8221; alt=&#8221;Motala&#8221; _builder_version=&#8221;4.16&#8243; _module_preset=&#8221;default&#8221; global_colors_info=&#8221;{}&#8221;][\/et_pb_image][\/et_pb_column][\/et_pb_row][\/et_pb_section]<\/p>\n","protected":false},"excerpt":{"rendered":"<p>From 1 March 2022, Park and Stay AB will take over the operation of St\u00e4llplats Motala S\u00f6dra and Sj\u00f6macken and we will keep the site open all year round! For opening hours for refueling in our naval gas station, see information here. Important information: Payment for the place is only made online via www.parkandstay.se\u00a0 Pay hereWe apply drop in \/ subject to availability and have no pre-bookings. Welcome to our nice parking lot with fantastic lakeside location, just outside Motala Centrum. We have two fresh toilets and showers, you can refill water, empty gray and black water in our emptying room. Free WiFi and electricity are included in the fee, with us you have everything you need and a fantastic location to just enjoy your motorhome holiday, see boats bounce past and take a walk in a few minutes to cozy Motala. During the high season, we also have staff on site, a simpler ice cream kiosk and a sea station that we run under our own auspices. Welcome to one of Sweden&#8217;s most popular pitches, Park and Stay Motala-S\u00f6dra Strand, a tip is to be out well in advance of the day to get a place as our pitch [&hellip;]<\/p>\n","protected":false},"author":1,"featured_media":0,"parent":404,"menu_order":0,"comment_status":"closed","ping_status":"closed","template":"","meta":{"_acf_changed":false,"_et_pb_use_builder":"on","_et_pb_old_content":"","_et_gb_content_width":"","inline_featured_image":false,"footnotes":""},"class_list":["post-4097","page","type-page","status-publish","hentry"],"yoast_head":"<!-- This site is optimized with the Yoast SEO plugin v27.2 - https:\/\/yoast.com\/product\/yoast-seo-wordpress\/ -->\n<title>Motala - S\u00f6dra Strand St\u00e4llplats - Park and Stay<\/title>\n<meta name=\"robots\" content=\"index, follow, max-snippet:-1, max-image-preview:large, max-video-preview:-1\" \/>\n<link rel=\"canonical\" href=\"https:\/\/www.parkandstay.se\/en\/where-we-are\/motala-sodra-strand-stallplats\/\" \/>\n<meta property=\"og:locale\" content=\"en_US\" \/>\n<meta property=\"og:type\" content=\"article\" \/>\n<meta property=\"og:title\" content=\"Motala - S\u00f6dra Strand St\u00e4llplats - Park and Stay\" \/>\n<meta property=\"og:description\" content=\"From 1 March 2022, Park and Stay AB will take over the operation of St\u00e4llplats Motala S\u00f6dra and Sj\u00f6macken and we will keep the site open all year round! For opening hours for refueling in our naval gas station, see information here. Important information: Payment for the place is only made online via www.parkandstay.se\u00a0 Pay hereWe apply drop in \/ subject to availability and have no pre-bookings. Welcome to our nice parking lot with fantastic lakeside location, just outside Motala Centrum. We have two fresh toilets and showers, you can refill water, empty gray and black water in our emptying room. Free WiFi and electricity are included in the fee, with us you have everything you need and a fantastic location to just enjoy your motorhome holiday, see boats bounce past and take a walk in a few minutes to cozy Motala. During the high season, we also have staff on site, a simpler ice cream kiosk and a sea station that we run under our own auspices. Welcome to one of Sweden&#039;s most popular pitches, Park and Stay Motala-S\u00f6dra Strand, a tip is to be out well in advance of the day to get a place as our pitch [&hellip;]\" \/>\n<meta property=\"og:url\" content=\"https:\/\/www.parkandstay.se\/en\/where-we-are\/motala-sodra-strand-stallplats\/\" \/>\n<meta property=\"og:site_name\" content=\"Park and Stay\" \/>\n<meta property=\"article:modified_time\" content=\"2025-04-18T09:04:18+00:00\" \/>\n<meta name=\"twitter:card\" content=\"summary_large_image\" \/>\n<meta name=\"twitter:label1\" content=\"Est. reading time\" \/>\n\t<meta name=\"twitter:data1\" content=\"3 minutes\" \/>\n<script type=\"application\/ld+json\" class=\"yoast-schema-graph\">{\"@context\":\"https:\/\/schema.org\",\"@graph\":[{\"@type\":\"WebPage\",\"@id\":\"https:\/\/www.parkandstay.se\/en\/where-we-are\/motala-sodra-strand-stallplats\/\",\"url\":\"https:\/\/www.parkandstay.se\/en\/where-we-are\/motala-sodra-strand-stallplats\/\",\"name\":\"Motala - S\u00f6dra Strand St\u00e4llplats - Park and Stay\",\"isPartOf\":{\"@id\":\"https:\/\/www.parkandstay.se\/#website\"},\"datePublished\":\"2022-04-29T12:40:06+00:00\",\"dateModified\":\"2025-04-18T09:04:18+00:00\",\"breadcrumb\":{\"@id\":\"https:\/\/www.parkandstay.se\/en\/where-we-are\/motala-sodra-strand-stallplats\/#breadcrumb\"},\"inLanguage\":\"en-US\",\"potentialAction\":[{\"@type\":\"ReadAction\",\"target\":[\"https:\/\/www.parkandstay.se\/en\/where-we-are\/motala-sodra-strand-stallplats\/\"]}]},{\"@type\":\"BreadcrumbList\",\"@id\":\"https:\/\/www.parkandstay.se\/en\/where-we-are\/motala-sodra-strand-stallplats\/#breadcrumb\",\"itemListElement\":[{\"@type\":\"ListItem\",\"position\":1,\"name\":\"Home\",\"item\":\"https:\/\/www.parkandstay.se\/en\/\"},{\"@type\":\"ListItem\",\"position\":2,\"name\":\"Where we are\",\"item\":\"https:\/\/www.parkandstay.se\/en\/where-we-are\/\"},{\"@type\":\"ListItem\",\"position\":3,\"name\":\"Motala &#8211; S\u00f6dra Strand St\u00e4llplats\"}]},{\"@type\":\"WebSite\",\"@id\":\"https:\/\/www.parkandstay.se\/#website\",\"url\":\"https:\/\/www.parkandstay.se\/\",\"name\":\"Park and Stay\",\"description\":\"St\u00e4llplatser f\u00f6r husbilar i Sverige!\",\"potentialAction\":[{\"@type\":\"SearchAction\",\"target\":{\"@type\":\"EntryPoint\",\"urlTemplate\":\"https:\/\/www.parkandstay.se\/?s={search_term_string}\"},\"query-input\":{\"@type\":\"PropertyValueSpecification\",\"valueRequired\":true,\"valueName\":\"search_term_string\"}}],\"inLanguage\":\"en-US\"}]}<\/script>\n<!-- \/ Yoast SEO plugin. -->","yoast_head_json":{"title":"Motala - S\u00f6dra Strand St\u00e4llplats - Park and Stay","robots":{"index":"index","follow":"follow","max-snippet":"max-snippet:-1","max-image-preview":"max-image-preview:large","max-video-preview":"max-video-preview:-1"},"canonical":"https:\/\/www.parkandstay.se\/en\/where-we-are\/motala-sodra-strand-stallplats\/","og_locale":"en_US","og_type":"article","og_title":"Motala - S\u00f6dra Strand St\u00e4llplats - Park and Stay","og_description":"From 1 March 2022, Park and Stay AB will take over the operation of St\u00e4llplats Motala S\u00f6dra and Sj\u00f6macken and we will keep the site open all year round! For opening hours for refueling in our naval gas station, see information here. Important information: Payment for the place is only made online via www.parkandstay.se\u00a0 Pay hereWe apply drop in \/ subject to availability and have no pre-bookings. Welcome to our nice parking lot with fantastic lakeside location, just outside Motala Centrum. We have two fresh toilets and showers, you can refill water, empty gray and black water in our emptying room. Free WiFi and electricity are included in the fee, with us you have everything you need and a fantastic location to just enjoy your motorhome holiday, see boats bounce past and take a walk in a few minutes to cozy Motala. During the high season, we also have staff on site, a simpler ice cream kiosk and a sea station that we run under our own auspices. Welcome to one of Sweden's most popular pitches, Park and Stay Motala-S\u00f6dra Strand, a tip is to be out well in advance of the day to get a place as our pitch [&hellip;]","og_url":"https:\/\/www.parkandstay.se\/en\/where-we-are\/motala-sodra-strand-stallplats\/","og_site_name":"Park and Stay","article_modified_time":"2025-04-18T09:04:18+00:00","twitter_card":"summary_large_image","twitter_misc":{"Est. reading time":"3 minutes"},"schema":{"@context":"https:\/\/schema.org","@graph":[{"@type":"WebPage","@id":"https:\/\/www.parkandstay.se\/en\/where-we-are\/motala-sodra-strand-stallplats\/","url":"https:\/\/www.parkandstay.se\/en\/where-we-are\/motala-sodra-strand-stallplats\/","name":"Motala - S\u00f6dra Strand St\u00e4llplats - Park and Stay","isPartOf":{"@id":"https:\/\/www.parkandstay.se\/#website"},"datePublished":"2022-04-29T12:40:06+00:00","dateModified":"2025-04-18T09:04:18+00:00","breadcrumb":{"@id":"https:\/\/www.parkandstay.se\/en\/where-we-are\/motala-sodra-strand-stallplats\/#breadcrumb"},"inLanguage":"en-US","potentialAction":[{"@type":"ReadAction","target":["https:\/\/www.parkandstay.se\/en\/where-we-are\/motala-sodra-strand-stallplats\/"]}]},{"@type":"BreadcrumbList","@id":"https:\/\/www.parkandstay.se\/en\/where-we-are\/motala-sodra-strand-stallplats\/#breadcrumb","itemListElement":[{"@type":"ListItem","position":1,"name":"Home","item":"https:\/\/www.parkandstay.se\/en\/"},{"@type":"ListItem","position":2,"name":"Where we are","item":"https:\/\/www.parkandstay.se\/en\/where-we-are\/"},{"@type":"ListItem","position":3,"name":"Motala &#8211; S\u00f6dra Strand St\u00e4llplats"}]},{"@type":"WebSite","@id":"https:\/\/www.parkandstay.se\/#website","url":"https:\/\/www.parkandstay.se\/","name":"Park and Stay","description":"St\u00e4llplatser f\u00f6r husbilar i Sverige!","potentialAction":[{"@type":"SearchAction","target":{"@type":"EntryPoint","urlTemplate":"https:\/\/www.parkandstay.se\/?s={search_term_string}"},"query-input":{"@type":"PropertyValueSpecification","valueRequired":true,"valueName":"search_term_string"}}],"inLanguage":"en-US"}]}},"acf":[],"_links":{"self":[{"href":"https:\/\/www.parkandstay.se\/en\/wp-json\/wp\/v2\/pages\/4097","targetHints":{"allow":["GET"]}}],"collection":[{"href":"https:\/\/www.parkandstay.se\/en\/wp-json\/wp\/v2\/pages"}],"about":[{"href":"https:\/\/www.parkandstay.se\/en\/wp-json\/wp\/v2\/types\/page"}],"author":[{"embeddable":true,"href":"https:\/\/www.parkandstay.se\/en\/wp-json\/wp\/v2\/users\/1"}],"replies":[{"embeddable":true,"href":"https:\/\/www.parkandstay.se\/en\/wp-json\/wp\/v2\/comments?post=4097"}],"version-history":[{"count":4,"href":"https:\/\/www.parkandstay.se\/en\/wp-json\/wp\/v2\/pages\/4097\/revisions"}],"predecessor-version":[{"id":21933,"href":"https:\/\/www.parkandstay.se\/en\/wp-json\/wp\/v2\/pages\/4097\/revisions\/21933"}],"up":[{"embeddable":true,"href":"https:\/\/www.parkandstay.se\/en\/wp-json\/wp\/v2\/pages\/404"}],"wp:attachment":[{"href":"https:\/\/www.parkandstay.se\/en\/wp-json\/wp\/v2\/media?parent=4097"}],"curies":[{"name":"wp","href":"https:\/\/api.w.org\/{rel}","templated":true}]}}