{"id":398,"date":"2021-02-17T16:55:05","date_gmt":"2021-02-17T15:55:05","guid":{"rendered":"https:\/\/www.parkandstay.se\/betala\/"},"modified":"2022-04-29T13:59:40","modified_gmt":"2022-04-29T11:59:40","slug":"pay","status":"publish","type":"page","link":"https:\/\/www.parkandstay.se\/en\/pay\/","title":{"rendered":"Pay"},"content":{"rendered":"<p>[et_pb_section fb_built=&#8221;1&#8243; _builder_version=&#8221;4.16&#8243; _module_preset=&#8221;default&#8221; background_image=&#8221;https:\/\/www.parkandstay.se\/wp-content\/uploads\/2021\/02\/husbil-2.jpg&#8221; custom_padding=&#8221;||55px|||&#8221; saved_tabs=&#8221;all&#8221; global_colors_info=&#8221;{}&#8221; global_module=&#8221;4469&#8243; theme_builder_area=&#8221;post_content&#8221;][et_pb_row _builder_version=&#8221;4.16&#8243; _module_preset=&#8221;default&#8221; background_color=&#8221;rgba(0,0,0,0.59)&#8221; width_tablet=&#8221;&#8221; width_phone=&#8221;95%&#8221; width_last_edited=&#8221;on|phone&#8221; custom_margin=&#8221;||||false|false&#8221; custom_margin_tablet=&#8221;&#8221; custom_margin_phone=&#8221;&#8221; custom_margin_last_edited=&#8221;on|phone&#8221; custom_padding=&#8221;||0px|||&#8221; global_colors_info=&#8221;{}&#8221; theme_builder_area=&#8221;post_content&#8221;][et_pb_column type=&#8221;4_4&#8243; _builder_version=&#8221;4.16&#8243; _module_preset=&#8221;default&#8221; global_colors_info=&#8221;{}&#8221; theme_builder_area=&#8221;post_content&#8221;][et_pb_text _builder_version=&#8221;4.17.2&#8243; _module_preset=&#8221;default&#8221; text_text_color=&#8221;#FFFFFF&#8221; header_text_align=&#8221;center&#8221; header_text_color=&#8221;#FFFFFF&#8221; header_font_size=&#8221;39px&#8221; header_line_height=&#8221;1.5em&#8221; header_2_text_align=&#8221;center&#8221; header_2_text_color=&#8221;#FFFFFF&#8221; header_2_font_size=&#8221;20px&#8221; header_2_line_height=&#8221;1.4em&#8221; custom_margin=&#8221;|40px|13px|40px|false|false&#8221; header_font_size_tablet=&#8221;&#8221; header_font_size_phone=&#8221;27px&#8221; header_font_size_last_edited=&#8221;on|phone&#8221; header_2_font_size_tablet=&#8221;&#8221; header_2_font_size_phone=&#8221;16px&#8221; header_2_font_size_last_edited=&#8221;on|phone&#8221; global_colors_info=&#8221;{}&#8221; theme_builder_area=&#8221;post_content&#8221;]<H1><B>QUICKSTOP<\/B><SPAN>\u00a0<\/SPAN>FOR MOTORHOME AND CARAVAN IN SWEDEN<\/H1><br \/>\n<H2><B><I>BUY YOUR TICKET &#8211; SELECT CITY\/AREA:<\/I><\/B><\/H2>[\/et_pb_text][\/et_pb_column][\/et_pb_row][et_pb_row column_structure=&#8221;1_3,1_3,1_3&#8243; _builder_version=&#8221;4.16&#8243; _module_preset=&#8221;default&#8221; background_color=&#8221;rgba(0,0,0,0.59)&#8221; width_tablet=&#8221;&#8221; width_phone=&#8221;95%&#8221; width_last_edited=&#8221;on|phone&#8221; custom_padding=&#8221;||23px|||&#8221; global_colors_info=&#8221;{}&#8221; theme_builder_area=&#8221;post_content&#8221;][et_pb_column type=&#8221;1_3&#8243; _builder_version=&#8221;4.16&#8243; _module_preset=&#8221;default&#8221; custom_padding=&#8221;||||false|false&#8221; global_colors_info=&#8221;{}&#8221; theme_builder_area=&#8221;post_content&#8221;][et_pb_blurb title=&#8221;Motala&#8221; image_tablet=&#8221;&#8221; image_phone=&#8221;&#8221; image_last_edited=&#8221;on|desktop&#8221; admin_label=&#8221;Sm\u00f6gen Sand\u00f6&#8221; _builder_version=&#8221;4.17.2&#8243; _module_preset=&#8221;default&#8221; header_level=&#8221;h2&#8243; header_font=&#8221;|700|||||||&#8221; header_text_align=&#8221;center&#8221; header_font_size=&#8221;17px&#8221; body_text_align=&#8221;center&#8221; body_letter_spacing=&#8221;1px&#8221; body_line_height=&#8221;1.8em&#8221; background_color=&#8221;#5fadc6&#8243; use_background_color_gradient=&#8221;on&#8221; background_color_gradient_stops=&#8221;#5fe2cd 0%|#1f6687 100%&#8221; background_color_gradient_start=&#8221;#5fe2cd&#8221; background_color_gradient_end=&#8221;#1f6687&#8243; background_layout=&#8221;dark&#8221; custom_margin=&#8221;|20px||20px|false|false&#8221; custom_margin_tablet=&#8221;&#8221; custom_margin_phone=&#8221;|15px||15px|false|false&#8221; custom_margin_last_edited=&#8221;on|phone&#8221; custom_padding=&#8221;20px||20px||false|false&#8221; custom_padding_tablet=&#8221;&#8221; custom_padding_phone=&#8221;20px||20px||false|false&#8221; custom_padding_last_edited=&#8221;on|phone&#8221; animation_style=&#8221;fade&#8221; link_option_url=&#8221;https:\/\/www.parkandstay.se\/en\/stallplats\/motala-sodra-strand\/&#8221; header_font_size_tablet=&#8221;&#8221; header_font_size_phone=&#8221;18px&#8221; header_font_size_last_edited=&#8221;on|phone&#8221; body_font_size_tablet=&#8221;&#8221; body_font_size_phone=&#8221;16px&#8221; body_font_size_last_edited=&#8221;on|phone&#8221; dsm_modules_schedule_visibility=&#8221;on&#8221; dsm_modules_schedule_after_datetime=&#8221;2022-03-01 00:00&#8243; border_width_all=&#8221;1px&#8221; border_color_all=&#8221;#FFFFFF&#8221; box_shadow_style=&#8221;preset1&#8243; global_colors_info=&#8221;{}&#8221; theme_builder_area=&#8221;post_content&#8221;]<\/p>\n<p><strong>Buy ticket &gt;<\/strong><\/p>\n<p>[\/et_pb_blurb][\/et_pb_column][et_pb_column type=&#8221;1_3&#8243; _builder_version=&#8221;4.16&#8243; _module_preset=&#8221;default&#8221; custom_padding=&#8221;|0px||0px|false|false&#8221; global_colors_info=&#8221;{}&#8221; theme_builder_area=&#8221;post_content&#8221;][et_pb_blurb title=&#8221;Sm\u00f6gen Sand\u00f6&#8221; image_tablet=&#8221;&#8221; image_phone=&#8221;&#8221; image_last_edited=&#8221;on|desktop&#8221; admin_label=&#8221;Sm\u00f6gen Sand\u00f6&#8221; _builder_version=&#8221;4.17.2&#8243; _module_preset=&#8221;default&#8221; header_level=&#8221;h2&#8243; header_font=&#8221;|700|||||||&#8221; header_text_align=&#8221;center&#8221; header_font_size=&#8221;17px&#8221; body_text_align=&#8221;center&#8221; body_letter_spacing=&#8221;1px&#8221; body_line_height=&#8221;1.8em&#8221; background_color=&#8221;#5fadc6&#8243; use_background_color_gradient=&#8221;on&#8221; background_color_gradient_stops=&#8221;#5fe2cd 0%|#1f6687 100%&#8221; background_color_gradient_start=&#8221;#5fe2cd&#8221; background_color_gradient_end=&#8221;#1f6687&#8243; background_layout=&#8221;dark&#8221; custom_margin=&#8221;|20px||20px|false|false&#8221; custom_margin_tablet=&#8221;&#8221; custom_margin_phone=&#8221;|15px||15px|false|false&#8221; custom_margin_last_edited=&#8221;on|phone&#8221; custom_padding=&#8221;20px||20px||false|false&#8221; custom_padding_tablet=&#8221;&#8221; custom_padding_phone=&#8221;20px||20px||false|false&#8221; custom_padding_last_edited=&#8221;on|phone&#8221; animation_style=&#8221;fade&#8221; link_option_url=&#8221;https:\/\/www.parkandstay.se\/en\/stallplats\/smogen\/&#8221; header_font_size_tablet=&#8221;&#8221; header_font_size_phone=&#8221;18px&#8221; header_font_size_last_edited=&#8221;on|phone&#8221; body_font_size_tablet=&#8221;&#8221; body_font_size_phone=&#8221;16px&#8221; body_font_size_last_edited=&#8221;on|phone&#8221; dsm_modules_schedule_visibility=&#8221;on&#8221; dsm_modules_schedule_after_datetime=&#8221;2022-04-01 00:00&#8243; dsm_modules_schedule_between=&#8221;on&#8221; dsm_modules_schedule_end_datetime=&#8221;2022-11-01 23:59&#8243; border_width_all=&#8221;1px&#8221; border_color_all=&#8221;#FFFFFF&#8221; box_shadow_style=&#8221;preset1&#8243; global_colors_info=&#8221;{}&#8221; theme_builder_area=&#8221;post_content&#8221;]<\/p>\n<p><strong>BUY TICKET &gt;<\/strong><\/p>\n<p>[\/et_pb_blurb][\/et_pb_column][et_pb_column type=&#8221;1_3&#8243; _builder_version=&#8221;4.16&#8243; _module_preset=&#8221;default&#8221; custom_padding=&#8221;||||false|false&#8221; global_colors_info=&#8221;{}&#8221; theme_builder_area=&#8221;post_content&#8221;][et_pb_blurb title=&#8221;Visby Gutebacken&#8221; image_tablet=&#8221;&#8221; image_phone=&#8221;&#8221; image_last_edited=&#8221;on|phone&#8221; disabled_on=&#8221;off|off|off&#8221; admin_label=&#8221;Visby Gutebacken&#8221; _builder_version=&#8221;4.17.2&#8243; _module_preset=&#8221;default&#8221; header_level=&#8221;h2&#8243; header_font=&#8221;|700|||||||&#8221; header_text_align=&#8221;center&#8221; header_font_size=&#8221;17px&#8221; body_text_align=&#8221;center&#8221; body_letter_spacing=&#8221;1px&#8221; body_line_height=&#8221;1.8em&#8221; background_color=&#8221;#5fadc6&#8243; use_background_color_gradient=&#8221;on&#8221; background_color_gradient_stops=&#8221;#5fe2cd 0%|#1f6687 100%&#8221; background_color_gradient_start=&#8221;#5fe2cd&#8221; background_color_gradient_end=&#8221;#1f6687&#8243; background_layout=&#8221;dark&#8221; custom_margin=&#8221;|20px||20px|false|false&#8221; custom_margin_tablet=&#8221;&#8221; custom_margin_phone=&#8221;|15px||15px|false|false&#8221; custom_margin_last_edited=&#8221;on|phone&#8221; custom_padding=&#8221;20px||20px||false|false&#8221; custom_padding_tablet=&#8221;&#8221; custom_padding_phone=&#8221;20px||20px||false|false&#8221; custom_padding_last_edited=&#8221;on|phone&#8221; animation_style=&#8221;fade&#8221; link_option_url=&#8221;https:\/\/www.parkandstay.se\/en\/stallplats\/visby-gutebacken\/&#8221; header_font_size_tablet=&#8221;&#8221; header_font_size_phone=&#8221;18px&#8221; header_font_size_last_edited=&#8221;on|phone&#8221; body_font_size_tablet=&#8221;&#8221; body_font_size_phone=&#8221;16px&#8221; body_font_size_last_edited=&#8221;on|phone&#8221; dsm_modules_schedule_visibility=&#8221;on&#8221; dsm_modules_schedule_after_datetime=&#8221;2022-04-15 00:00&#8243; dsm_modules_schedule_between=&#8221;on&#8221; dsm_modules_schedule_end_datetime=&#8221;2022-10-15 23:59&#8243; border_width_all=&#8221;1px&#8221; border_color_all=&#8221;#FFFFFF&#8221; box_shadow_style=&#8221;preset1&#8243; global_colors_info=&#8221;{}&#8221; theme_builder_area=&#8221;post_content&#8221;]<\/p>\n<p><strong>BUY TICKET &gt;<\/strong><\/p>\n<p>[\/et_pb_blurb][\/et_pb_column][\/et_pb_row][et_pb_row column_structure=&#8221;1_4,1_2,1_4&#8243; _builder_version=&#8221;4.16&#8243; _module_preset=&#8221;default&#8221; background_color=&#8221;rgba(0,0,0,0.59)&#8221; width_tablet=&#8221;&#8221; width_phone=&#8221;95%&#8221; width_last_edited=&#8221;on|phone&#8221; custom_margin=&#8221;0px||0px||false|false&#8221; custom_padding=&#8221;5px||40px||false|false&#8221; global_colors_info=&#8221;{}&#8221; theme_builder_area=&#8221;post_content&#8221;][et_pb_column type=&#8221;1_4&#8243; _builder_version=&#8221;4.16&#8243; _module_preset=&#8221;default&#8221; global_colors_info=&#8221;{}&#8221; theme_builder_area=&#8221;post_content&#8221;][\/et_pb_column][et_pb_column type=&#8221;1_2&#8243; _builder_version=&#8221;4.16&#8243; _module_preset=&#8221;default&#8221; global_colors_info=&#8221;{}&#8221; theme_builder_area=&#8221;post_content&#8221;][et_pb_toggle title=&#8221;INFORMATION ABOUT PAYMENT&#8221; use_icon_font_size=&#8221;on&#8221; icon_font_size=&#8221;31px&#8221; open_use_icon_font_size=&#8221;on&#8221; open_icon_font_size=&#8221;31px&#8221; _builder_version=&#8221;4.16&#8243; _module_preset=&#8221;default&#8221; custom_margin=&#8221;||||false|false&#8221; custom_padding=&#8221;||||false|false&#8221; global_colors_info=&#8221;{}&#8221; theme_builder_area=&#8221;post_content&#8221;]<\/p>\n<div class=\"page\" title=\"Page 1\">\n<div class=\"layoutArea\">\n<div class=\"column\">\n<p><span>At Park and Stay, you can pay for your stay 24 hours per day on our website with a credit card (Visa\/<\/span>Mastercard). There is no other way to pay, all payment is done at our webpage.<\/p>\n<\/div>\n<\/div>\n<div class=\"layoutArea\">\n<div class=\"column\">\n<div class=\"page\" title=\"Page 1\">\n<div class=\"layoutArea\">\n<div class=\"column\">\n<p><span><strong>SHORT FACTS:<\/strong><br \/><\/span><\/p>\n<p class=\"p1\"><b>It is NOT possible to pre-book \/ pay for your place in advance<\/b> as Park and Stay applies drop.<\/p>\n<p class=\"p1\">When payment is completed, the countdown of purchased time begins immediately from the date and time the purchase was completed. Payment is only made online via <span class=\"s1\"><b>www.parkandstay.se<\/b><\/span><\/p>\n<p class=\"p2\"><b><i>Note! If you dont have a \u201dPersonal identification number\u201d just press, \u201dSKIP\u201d in the web shop.<\/i><\/b><\/p>\n<p class=\"p1\">Code for service booth and receipt are sent via specified e-mail and code and confirmation via SMS.<\/p>\n<p class=\"p1\">Be sure to enter the correct registration number!.<\/p>\n<p class=\"p1\">We use NETS for secure payments, read more about NETS here: <a href=\"https:\/\/www.nets.se\" target=\"_blank\" rel=\"noopener\">www.nets.se<\/a><\/p>\n<p class=\"p1\">See terms of purchase for more <a href=\"https:\/\/www.parkandstay.se\/en\/about-park-stay\/terms-and-conditions\/\">information on terms and conditions<\/a>.<\/p>\n<\/div>\n<\/div>\n<\/div>\n<\/div>\n<\/div>\n<\/div>\n<p>[\/et_pb_toggle][\/et_pb_column][et_pb_column type=&#8221;1_4&#8243; _builder_version=&#8221;4.16&#8243; _module_preset=&#8221;default&#8221; global_colors_info=&#8221;{}&#8221; theme_builder_area=&#8221;post_content&#8221;][\/et_pb_column][\/et_pb_row][\/et_pb_section]<\/p>\n","protected":false},"excerpt":{"rendered":"<p>QUICKSTOP\u00a0FOR MOTORHOME AND CARAVAN IN SWEDEN BUY YOUR TICKET &#8211; SELECT CITY\/AREA:Buy ticket &gt;BUY TICKET &gt;BUY TICKET &gt; At Park and Stay, you can pay for your stay 24 hours per day on our website with a credit card (Visa\/Mastercard). There is no other way to pay, all payment is done at our webpage. SHORT FACTS: It is NOT possible to pre-book \/ pay for your place in advance as Park and Stay applies drop. When payment is completed, the countdown of purchased time begins immediately from the date and time the purchase was completed. Payment is only made online via www.parkandstay.se Note! If you dont have a \u201dPersonal identification number\u201d just press, \u201dSKIP\u201d in the web shop. Code for service booth and receipt are sent via specified e-mail and code and confirmation via SMS. Be sure to enter the correct registration number!. We use NETS for secure payments, read more about NETS here: www.nets.se See terms of purchase for more information on terms and conditions.<\/p>\n","protected":false},"author":1,"featured_media":0,"parent":0,"menu_order":0,"comment_status":"closed","ping_status":"open","template":"","meta":{"_acf_changed":false,"_et_pb_use_builder":"on","_et_pb_old_content":"<!-- wp:paragraph -->\r\n<p>Detta \u00e4r en exempelsida. Den skiljer sig fr\u00e5n ett blogginl\u00e4gg genom att den finns kvar p\u00e5 samma plats och kommer att visas i din webbplatsnavigering (i de flesta teman). De flesta b\u00f6rjar med en Om-sida som presenterar dem f\u00f6r potentiella bes\u00f6kare. Den skulle t.ex kunna ha f\u00f6ljande inneh\u00e5ll:<\/p>\r\n<!-- \/wp:paragraph -->\r\n\r\n<!-- wp:quote -->\r\n<blockquote class=\"wp-block-quote\"><p>Hej d\u00e4r! Jag \u00e4r cykelbud p\u00e5 dagen, blivande sk\u00e5despelare p\u00e5 natten och detta \u00e4r min blogg. Jag bor i \u00d6rebro, har en katt som heter Lurv och jag gillar Pina Coladas. (och att simma i G\u00f6ta kanal).<\/p><\/blockquote>\r\n<!-- \/wp:quote -->\r\n\r\n<!-- wp:paragraph -->\r\n<p>... eller n\u00e5got liknande detta:<\/p>\r\n<!-- \/wp:paragraph -->\r\n\r\n<!-- wp:quote -->\r\n<blockquote class=\"wp-block-quote\"><p>F\u00f6retaget AB grundades 1971 och har sedan dess varit den st\u00f6rsta leverant\u00f6ren av grunk-manicker p\u00e5 den svenska marknaden. FAB finns i utkanten av Gr\u00f6nk\u00f6ping, har drygt 20\u00a0000 anst\u00e4llda och l\u00e4ser veckobladet varje \u00e5r.<\/p><\/blockquote>\r\n<!-- \/wp:quote -->\r\n\r\n<!-- wp:paragraph -->\r\n<p>Som ny WordPress-anv\u00e4ndare b\u00f6r du g\u00e5 till din <a href=\"https:\/\/www.parkandstay.se\/wp-admin\/\">adminpanel<\/a> f\u00f6r att radera denna sida och skapa nya sidor f\u00f6r ditt inneh\u00e5ll. Lycka till!<\/p>\r\n<!-- \/wp:paragraph -->","_et_gb_content_width":"","inline_featured_image":false,"footnotes":""},"class_list":["post-398","page","type-page","status-publish","hentry"],"yoast_head":"<!-- This site is optimized with the Yoast SEO plugin v27.2 - https:\/\/yoast.com\/product\/yoast-seo-wordpress\/ -->\n<title>Pay - Park and Stay<\/title>\n<meta name=\"robots\" content=\"index, follow, max-snippet:-1, max-image-preview:large, max-video-preview:-1\" \/>\n<link rel=\"canonical\" href=\"https:\/\/www.parkandstay.se\/en\/pay\/\" \/>\n<meta property=\"og:locale\" content=\"en_US\" \/>\n<meta property=\"og:type\" content=\"article\" \/>\n<meta property=\"og:title\" content=\"Pay - Park and Stay\" \/>\n<meta property=\"og:description\" content=\"QUICKSTOP\u00a0FOR MOTORHOME AND CARAVAN IN SWEDEN BUY YOUR TICKET - SELECT CITY\/AREA:Buy ticket &gt;BUY TICKET &gt;BUY TICKET &gt; At Park and Stay, you can pay for your stay 24 hours per day on our website with a credit card (Visa\/Mastercard). There is no other way to pay, all payment is done at our webpage. SHORT FACTS: It is NOT possible to pre-book \/ pay for your place in advance as Park and Stay applies drop. When payment is completed, the countdown of purchased time begins immediately from the date and time the purchase was completed. Payment is only made online via www.parkandstay.se Note! If you dont have a \u201dPersonal identification number\u201d just press, \u201dSKIP\u201d in the web shop. Code for service booth and receipt are sent via specified e-mail and code and confirmation via SMS. Be sure to enter the correct registration number!. We use NETS for secure payments, read more about NETS here: www.nets.se See terms of purchase for more information on terms and conditions.\" \/>\n<meta property=\"og:url\" content=\"https:\/\/www.parkandstay.se\/en\/pay\/\" \/>\n<meta property=\"og:site_name\" content=\"Park and Stay\" \/>\n<meta property=\"article:modified_time\" content=\"2022-04-29T11:59:40+00:00\" \/>\n<meta name=\"twitter:card\" content=\"summary_large_image\" \/>\n<meta name=\"twitter:label1\" content=\"Est. reading time\" \/>\n\t<meta name=\"twitter:data1\" content=\"6 minutes\" \/>\n<script type=\"application\/ld+json\" class=\"yoast-schema-graph\">{\"@context\":\"https:\/\/schema.org\",\"@graph\":[{\"@type\":\"WebPage\",\"@id\":\"https:\/\/www.parkandstay.se\/en\/pay\/\",\"url\":\"https:\/\/www.parkandstay.se\/en\/pay\/\",\"name\":\"Pay - Park and Stay\",\"isPartOf\":{\"@id\":\"https:\/\/www.parkandstay.se\/#website\"},\"datePublished\":\"2021-02-17T15:55:05+00:00\",\"dateModified\":\"2022-04-29T11:59:40+00:00\",\"breadcrumb\":{\"@id\":\"https:\/\/www.parkandstay.se\/en\/pay\/#breadcrumb\"},\"inLanguage\":\"en-US\",\"potentialAction\":[{\"@type\":\"ReadAction\",\"target\":[\"https:\/\/www.parkandstay.se\/en\/pay\/\"]}]},{\"@type\":\"BreadcrumbList\",\"@id\":\"https:\/\/www.parkandstay.se\/en\/pay\/#breadcrumb\",\"itemListElement\":[{\"@type\":\"ListItem\",\"position\":1,\"name\":\"Home\",\"item\":\"https:\/\/www.parkandstay.se\/en\/\"},{\"@type\":\"ListItem\",\"position\":2,\"name\":\"Pay\"}]},{\"@type\":\"WebSite\",\"@id\":\"https:\/\/www.parkandstay.se\/#website\",\"url\":\"https:\/\/www.parkandstay.se\/\",\"name\":\"Park and Stay\",\"description\":\"St\u00e4llplatser f\u00f6r husbilar i Sverige!\",\"potentialAction\":[{\"@type\":\"SearchAction\",\"target\":{\"@type\":\"EntryPoint\",\"urlTemplate\":\"https:\/\/www.parkandstay.se\/?s={search_term_string}\"},\"query-input\":{\"@type\":\"PropertyValueSpecification\",\"valueRequired\":true,\"valueName\":\"search_term_string\"}}],\"inLanguage\":\"en-US\"}]}<\/script>\n<!-- \/ Yoast SEO plugin. -->","yoast_head_json":{"title":"Pay - Park and Stay","robots":{"index":"index","follow":"follow","max-snippet":"max-snippet:-1","max-image-preview":"max-image-preview:large","max-video-preview":"max-video-preview:-1"},"canonical":"https:\/\/www.parkandstay.se\/en\/pay\/","og_locale":"en_US","og_type":"article","og_title":"Pay - Park and Stay","og_description":"QUICKSTOP\u00a0FOR MOTORHOME AND CARAVAN IN SWEDEN BUY YOUR TICKET - SELECT CITY\/AREA:Buy ticket &gt;BUY TICKET &gt;BUY TICKET &gt; At Park and Stay, you can pay for your stay 24 hours per day on our website with a credit card (Visa\/Mastercard). There is no other way to pay, all payment is done at our webpage. SHORT FACTS: It is NOT possible to pre-book \/ pay for your place in advance as Park and Stay applies drop. When payment is completed, the countdown of purchased time begins immediately from the date and time the purchase was completed. Payment is only made online via www.parkandstay.se Note! If you dont have a \u201dPersonal identification number\u201d just press, \u201dSKIP\u201d in the web shop. Code for service booth and receipt are sent via specified e-mail and code and confirmation via SMS. Be sure to enter the correct registration number!. We use NETS for secure payments, read more about NETS here: www.nets.se See terms of purchase for more information on terms and conditions.","og_url":"https:\/\/www.parkandstay.se\/en\/pay\/","og_site_name":"Park and Stay","article_modified_time":"2022-04-29T11:59:40+00:00","twitter_card":"summary_large_image","twitter_misc":{"Est. reading time":"6 minutes"},"schema":{"@context":"https:\/\/schema.org","@graph":[{"@type":"WebPage","@id":"https:\/\/www.parkandstay.se\/en\/pay\/","url":"https:\/\/www.parkandstay.se\/en\/pay\/","name":"Pay - Park and Stay","isPartOf":{"@id":"https:\/\/www.parkandstay.se\/#website"},"datePublished":"2021-02-17T15:55:05+00:00","dateModified":"2022-04-29T11:59:40+00:00","breadcrumb":{"@id":"https:\/\/www.parkandstay.se\/en\/pay\/#breadcrumb"},"inLanguage":"en-US","potentialAction":[{"@type":"ReadAction","target":["https:\/\/www.parkandstay.se\/en\/pay\/"]}]},{"@type":"BreadcrumbList","@id":"https:\/\/www.parkandstay.se\/en\/pay\/#breadcrumb","itemListElement":[{"@type":"ListItem","position":1,"name":"Home","item":"https:\/\/www.parkandstay.se\/en\/"},{"@type":"ListItem","position":2,"name":"Pay"}]},{"@type":"WebSite","@id":"https:\/\/www.parkandstay.se\/#website","url":"https:\/\/www.parkandstay.se\/","name":"Park and Stay","description":"St\u00e4llplatser f\u00f6r husbilar i Sverige!","potentialAction":[{"@type":"SearchAction","target":{"@type":"EntryPoint","urlTemplate":"https:\/\/www.parkandstay.se\/?s={search_term_string}"},"query-input":{"@type":"PropertyValueSpecification","valueRequired":true,"valueName":"search_term_string"}}],"inLanguage":"en-US"}]}},"acf":[],"_links":{"self":[{"href":"https:\/\/www.parkandstay.se\/en\/wp-json\/wp\/v2\/pages\/398","targetHints":{"allow":["GET"]}}],"collection":[{"href":"https:\/\/www.parkandstay.se\/en\/wp-json\/wp\/v2\/pages"}],"about":[{"href":"https:\/\/www.parkandstay.se\/en\/wp-json\/wp\/v2\/types\/page"}],"author":[{"embeddable":true,"href":"https:\/\/www.parkandstay.se\/en\/wp-json\/wp\/v2\/users\/1"}],"replies":[{"embeddable":true,"href":"https:\/\/www.parkandstay.se\/en\/wp-json\/wp\/v2\/comments?post=398"}],"version-history":[{"count":5,"href":"https:\/\/www.parkandstay.se\/en\/wp-json\/wp\/v2\/pages\/398\/revisions"}],"predecessor-version":[{"id":4514,"href":"https:\/\/www.parkandstay.se\/en\/wp-json\/wp\/v2\/pages\/398\/revisions\/4514"}],"wp:attachment":[{"href":"https:\/\/www.parkandstay.se\/en\/wp-json\/wp\/v2\/media?parent=398"}],"curies":[{"name":"wp","href":"https:\/\/api.w.org\/{rel}","templated":true}]}}